{"id":14423,"date":"2025-05-29T13:47:27","date_gmt":"2025-05-29T13:47:27","guid":{"rendered":"https:\/\/xtrem-fahrschule.de\/araclarimiz\/"},"modified":"2025-07-31T07:18:20","modified_gmt":"2025-07-31T07:18:20","slug":"araclarimiz","status":"publish","type":"page","link":"https:\/\/xtrem-fahrschule.de\/tr\/araclarimiz\/","title":{"rendered":"Ara\u00e7lar\u0131m\u0131z"},"content":{"rendered":"\t\t<div data-elementor-type=\"wp-page\" data-elementor-id=\"14423\" class=\"elementor elementor-14423 elementor-7231\" data-elementor-post-type=\"page\">\n\t\t\t\t<div class=\"elementor-element elementor-element-4ff87cf e-flex e-con-boxed e-con e-parent\" data-id=\"4ff87cf\" data-element_type=\"container\" data-e-type=\"container\" data-settings=\"{&quot;background_background&quot;:&quot;classic&quot;}\">\n\t\t\t\t\t<div class=\"e-con-inner\">\n\t\t\t\t<div class=\"elementor-element elementor-element-cd3aca7 elementor-widget elementor-widget-heading\" data-id=\"cd3aca7\" data-element_type=\"widget\" data-e-type=\"widget\" data-widget_type=\"heading.default\">\n\t\t\t\t<div class=\"elementor-widget-container\">\n\t\t\t\t\t<h1 class=\"elementor-heading-title elementor-size-default\">Ayr\u0131nt\u0131l\u0131 olarak <span style=\"color: var(--e-global-color-e88763b)\">ara\u00e7lar<\/span> <\/h1>\t\t\t\t<\/div>\n\t\t\t\t<\/div>\n\t\t\t\t<div class=\"elementor-element elementor-element-2f4f776 elementor-widget__width-inherit elementor-widget elementor-widget-text-editor\" data-id=\"2f4f776\" data-element_type=\"widget\" data-e-type=\"widget\" data-widget_type=\"text-editor.default\">\n\t\t\t\t<div class=\"elementor-widget-container\">\n\t\t\t\t\t\t\t\t\t<p>Elbette ehliyet \u00f6nemlidir, ancak ara\u00e7lar da iyi g\u00f6r\u00fcnmelidir.<\/p>\t\t\t\t\t\t\t\t<\/div>\n\t\t\t\t<\/div>\n\t\t\t\t<div class=\"elementor-element elementor-element-4f95c55 elementor-widget elementor-widget-image\" data-id=\"4f95c55\" data-element_type=\"widget\" data-e-type=\"widget\" data-widget_type=\"image.default\">\n\t\t\t\t<div class=\"elementor-widget-container\">\n\t\t\t\t\t\t\t\t\t\t\t\t\t\t\t<img fetchpriority=\"high\" decoding=\"async\" width=\"1920\" height=\"1080\" src=\"https:\/\/xtrem-fahrschule.de\/wp-content\/uploads\/2025\/07\/fuhrpark-von-oben-zensierte-nummernschilder.jpg\" class=\"attachment-2048x2048 size-2048x2048 wp-image-13234\" alt=\"\" srcset=\"https:\/\/xtrem-fahrschule.de\/wp-content\/uploads\/2025\/07\/fuhrpark-von-oben-zensierte-nummernschilder.jpg 1920w, https:\/\/xtrem-fahrschule.de\/wp-content\/uploads\/2025\/07\/fuhrpark-von-oben-zensierte-nummernschilder-300x169.jpg 300w, https:\/\/xtrem-fahrschule.de\/wp-content\/uploads\/2025\/07\/fuhrpark-von-oben-zensierte-nummernschilder-1024x576.jpg 1024w, https:\/\/xtrem-fahrschule.de\/wp-content\/uploads\/2025\/07\/fuhrpark-von-oben-zensierte-nummernschilder-768x432.jpg 768w, https:\/\/xtrem-fahrschule.de\/wp-content\/uploads\/2025\/07\/fuhrpark-von-oben-zensierte-nummernschilder-1536x864.jpg 1536w\" sizes=\"(max-width: 1920px) 100vw, 1920px\">\t\t\t\t\t\t\t\t\t\t\t\t\t\t\t<\/div>\n\t\t\t\t<\/div>\n\t\t<div class=\"elementor-element elementor-element-e31df1f e-con-full e-grid e-con e-child\" data-id=\"e31df1f\" data-element_type=\"container\" data-e-type=\"container\">\n\t\t\t\t<div class=\"elementor-element elementor-element-b352db1 elementor-widget elementor-widget-heading\" data-id=\"b352db1\" data-element_type=\"widget\" data-e-type=\"widget\" data-widget_type=\"heading.default\">\n\t\t\t\t<div class=\"elementor-widget-container\">\n\t\t\t\t\t<h2 class=\"elementor-heading-title elementor-size-default\">Arabalar<\/h2>\t\t\t\t<\/div>\n\t\t\t\t<\/div>\n\t\t\t\t<div class=\"elementor-element elementor-element-68ddc0e elementor-widget elementor-widget-image\" data-id=\"68ddc0e\" data-element_type=\"widget\" data-e-type=\"widget\" data-widget_type=\"image.default\">\n\t\t\t\t<div class=\"elementor-widget-container\">\n\t\t\t\t\t\t\t\t\t\t\t\t\t\t\t<img decoding=\"async\" width=\"1920\" height=\"1080\" src=\"https:\/\/xtrem-fahrschule.de\/wp-content\/uploads\/2025\/05\/roter-pkw-nummernschild-zensiert.jpg\" class=\"attachment-2048x2048 size-2048x2048 wp-image-13228\" alt=\"\" srcset=\"https:\/\/xtrem-fahrschule.de\/wp-content\/uploads\/2025\/05\/roter-pkw-nummernschild-zensiert.jpg 1920w, https:\/\/xtrem-fahrschule.de\/wp-content\/uploads\/2025\/05\/roter-pkw-nummernschild-zensiert-300x169.jpg 300w, https:\/\/xtrem-fahrschule.de\/wp-content\/uploads\/2025\/05\/roter-pkw-nummernschild-zensiert-1024x576.jpg 1024w, https:\/\/xtrem-fahrschule.de\/wp-content\/uploads\/2025\/05\/roter-pkw-nummernschild-zensiert-768x432.jpg 768w, https:\/\/xtrem-fahrschule.de\/wp-content\/uploads\/2025\/05\/roter-pkw-nummernschild-zensiert-1536x864.jpg 1536w\" sizes=\"(max-width: 1920px) 100vw, 1920px\">\t\t\t\t\t\t\t\t\t\t\t\t\t\t\t<\/div>\n\t\t\t\t<\/div>\n\t\t\t\t<div class=\"elementor-element elementor-element-81c1915 elementor-widget elementor-widget-image\" data-id=\"81c1915\" data-element_type=\"widget\" data-e-type=\"widget\" data-widget_type=\"image.default\">\n\t\t\t\t<div class=\"elementor-widget-container\">\n\t\t\t\t\t\t\t\t\t\t\t\t\t\t\t<img decoding=\"async\" width=\"1920\" height=\"1080\" src=\"https:\/\/xtrem-fahrschule.de\/wp-content\/uploads\/2025\/07\/blaues-auto-im-winkel-aus-der-entfernung-zensiertes-nummernschild.webp\" class=\"attachment-2048x2048 size-2048x2048 wp-image-13236\" alt=\"\" srcset=\"https:\/\/xtrem-fahrschule.de\/wp-content\/uploads\/2025\/07\/blaues-auto-im-winkel-aus-der-entfernung-zensiertes-nummernschild.webp 1920w, https:\/\/xtrem-fahrschule.de\/wp-content\/uploads\/2025\/07\/blaues-auto-im-winkel-aus-der-entfernung-zensiertes-nummernschild-300x169.webp 300w, https:\/\/xtrem-fahrschule.de\/wp-content\/uploads\/2025\/07\/blaues-auto-im-winkel-aus-der-entfernung-zensiertes-nummernschild-1024x576.jpg 1024w, https:\/\/xtrem-fahrschule.de\/wp-content\/uploads\/2025\/07\/blaues-auto-im-winkel-aus-der-entfernung-zensiertes-nummernschild-768x432.jpg 768w, https:\/\/xtrem-fahrschule.de\/wp-content\/uploads\/2025\/07\/blaues-auto-im-winkel-aus-der-entfernung-zensiertes-nummernschild-1536x864.jpg 1536w\" sizes=\"(max-width: 1920px) 100vw, 1920px\">\t\t\t\t\t\t\t\t\t\t\t\t\t\t\t<\/div>\n\t\t\t\t<\/div>\n\t\t\t\t<div class=\"elementor-element elementor-element-1075d49 elementor-widget elementor-widget-image\" data-id=\"1075d49\" data-element_type=\"widget\" data-e-type=\"widget\" data-widget_type=\"image.default\">\n\t\t\t\t<div class=\"elementor-widget-container\">\n\t\t\t\t\t\t\t\t\t\t\t\t\t\t\t<img loading=\"lazy\" decoding=\"async\" width=\"1920\" height=\"1080\" src=\"https:\/\/xtrem-fahrschule.de\/wp-content\/uploads\/2025\/07\/weisses-auto-mit-anhaenger-zensiertes-nummernschild.webp\" class=\"attachment-2048x2048 size-2048x2048 wp-image-13238\" alt=\"\" srcset=\"https:\/\/xtrem-fahrschule.de\/wp-content\/uploads\/2025\/07\/weisses-auto-mit-anhaenger-zensiertes-nummernschild.webp 1920w, https:\/\/xtrem-fahrschule.de\/wp-content\/uploads\/2025\/07\/weisses-auto-mit-anhaenger-zensiertes-nummernschild-300x169.webp 300w, https:\/\/xtrem-fahrschule.de\/wp-content\/uploads\/2025\/07\/weisses-auto-mit-anhaenger-zensiertes-nummernschild-1024x576.webp 1024w, https:\/\/xtrem-fahrschule.de\/wp-content\/uploads\/2025\/07\/weisses-auto-mit-anhaenger-zensiertes-nummernschild-768x432.jpg 768w, https:\/\/xtrem-fahrschule.de\/wp-content\/uploads\/2025\/07\/weisses-auto-mit-anhaenger-zensiertes-nummernschild-1536x864.jpg 1536w\" sizes=\"(max-width: 1920px) 100vw, 1920px\">\t\t\t\t\t\t\t\t\t\t\t\t\t\t\t<\/div>\n\t\t\t\t<\/div>\n\t\t\t\t<div class=\"elementor-element elementor-element-e19a523 elementor-widget elementor-widget-image\" data-id=\"e19a523\" data-element_type=\"widget\" data-e-type=\"widget\" data-widget_type=\"image.default\">\n\t\t\t\t<div class=\"elementor-widget-container\">\n\t\t\t\t\t\t\t\t\t\t\t\t\t\t\t<img loading=\"lazy\" decoding=\"async\" width=\"72\" height=\"49\" src=\"https:\/\/xtrem-fahrschule.de\/wp-content\/uploads\/2025\/05\/xtrem-logo.svg\" class=\"attachment-2048x2048 size-2048x2048 wp-image-12890\" alt=\"Logo der Xtrem Fahrschule - Unser Name ist Programm\" \/>\t\t\t\t\t\t\t\t\t\t\t\t\t\t\t<\/div>\n\t\t\t\t<\/div>\n\t\t\t\t<div class=\"elementor-element elementor-element-dacd244 elementor-widget elementor-widget-text-editor\" data-id=\"dacd244\" data-element_type=\"widget\" data-e-type=\"widget\" data-widget_type=\"text-editor.default\">\n\t\t\t\t<div class=\"elementor-widget-container\">\n\t\t\t\t\t\t\t\t\t<p style=\"margin-bottom: 0px;\"><span style=\"font-weight: bolder;\">Audi A3<\/span><\/p><ul style=\"background-color: #ffffff; font-size: 14px;\"><li style=\"font-size: 14px;\">GY Ku\u015fa\u011f\u0131<\/li><li style=\"font-size: 14px;\">Deplasman: 2.0 litre<\/li><li style=\"font-size: 14px;\">G\u00fc\u00e7: 116 hp<\/li><li style=\"font-size: 14px;\"><span style=\"font-weight: bolder;\">6 vitesli manuel \u015fanz\u0131man<\/span><\/li><\/ul>\t\t\t\t\t\t\t\t<\/div>\n\t\t\t\t<\/div>\n\t\t\t\t<div class=\"elementor-element elementor-element-17e3b26 elementor-widget elementor-widget-text-editor\" data-id=\"17e3b26\" data-element_type=\"widget\" data-e-type=\"widget\" data-widget_type=\"text-editor.default\">\n\t\t\t\t<div class=\"elementor-widget-container\">\n\t\t\t\t\t\t\t\t\t<p style=\"margin-bottom: 0px;\"><span style=\"font-weight: bolder;\">Audi A3<\/span><\/p><ul style=\"background-color: #ffffff; font-size: 14px;\"><li style=\"font-size: 14px;\">GY Ku\u015fa\u011f\u0131<\/li><li style=\"font-size: 14px;\">Deplasman: 2.0 litre<\/li><li style=\"font-size: 14px;\">G\u00fc\u00e7: 150 hp<\/li><li style=\"font-size: 14px;\"><span style=\"font-weight: bolder;\">Otomatik \u015fanz\u0131man<\/span><\/li><\/ul>\t\t\t\t\t\t\t\t<\/div>\n\t\t\t\t<\/div>\n\t\t\t\t<div class=\"elementor-element elementor-element-809703d elementor-widget elementor-widget-text-editor\" data-id=\"809703d\" data-element_type=\"widget\" data-e-type=\"widget\" data-widget_type=\"text-editor.default\">\n\t\t\t\t<div class=\"elementor-widget-container\">\n\t\t\t\t\t\t\t\t\t<p style=\"margin-bottom: 0px;\"><span style=\"font-weight: bolder;\">Audi A3<\/span><\/p><ul style=\"background-color: #ffffff; font-size: 14px;\"><li style=\"font-size: 14px;\">GY Ku\u015fa\u011f\u0131<\/li><li style=\"font-size: 14px;\">Deplasman: 2.0 litre<\/li><li style=\"font-size: 14px;\">G\u00fc\u00e7: 150 hp<\/li><li style=\"font-size: 14px;\"><span style=\"font-weight: bolder;\">Otomatik \u015fanz\u0131man<\/span><\/li><\/ul>\t\t\t\t\t\t\t\t<\/div>\n\t\t\t\t<\/div>\n\t\t\t\t<div class=\"elementor-element elementor-element-7e368ee elementor-widget elementor-widget-text-editor\" data-id=\"7e368ee\" data-element_type=\"widget\" data-e-type=\"widget\" data-widget_type=\"text-editor.default\">\n\t\t\t\t<div class=\"elementor-widget-container\">\n\t\t\t\t\t\t\t\t\t<p><strong>VW Golf VII<\/strong><\/p><ul><li>Yedek ara\u00e7<\/li><li>Deplasman: 2.0 litre<\/li><li>G\u00fc\u00e7: 150 hp<\/li><li><strong>Manuel \u015fanz\u0131man<\/strong><\/li><\/ul>\t\t\t\t\t\t\t\t<\/div>\n\t\t\t\t<\/div>\n\t\t\t\t<\/div>\n\t\t\t\t\t<\/div>\n\t\t\t\t<\/div>\n\t\t<div class=\"elementor-element elementor-element-cce1f48 e-flex e-con-boxed e-con e-parent\" data-id=\"cce1f48\" data-element_type=\"container\" data-e-type=\"container\" data-settings=\"{&quot;background_background&quot;:&quot;classic&quot;}\">\n\t\t\t\t\t<div class=\"e-con-inner\">\n\t\t<div class=\"elementor-element elementor-element-a3e6c0e e-con-full e-grid e-con e-child\" data-id=\"a3e6c0e\" data-element_type=\"container\" data-e-type=\"container\">\n\t\t\t\t<div class=\"elementor-element elementor-element-a38537e elementor-widget elementor-widget-heading\" data-id=\"a38537e\" data-element_type=\"widget\" data-e-type=\"widget\" data-widget_type=\"heading.default\">\n\t\t\t\t<div class=\"elementor-widget-container\">\n\t\t\t\t\t<h2 class=\"elementor-heading-title elementor-size-default\">Motosikletler<\/h2>\t\t\t\t<\/div>\n\t\t\t\t<\/div>\n\t\t\t\t<div class=\"elementor-element elementor-element-d15e220 elementor-widget elementor-widget-image\" data-id=\"d15e220\" data-element_type=\"widget\" data-e-type=\"widget\" data-widget_type=\"image.default\">\n\t\t\t\t<div class=\"elementor-widget-container\">\n\t\t\t\t\t\t\t\t\t\t\t\t\t\t\t<img loading=\"lazy\" decoding=\"async\" width=\"1920\" height=\"1080\" src=\"https:\/\/xtrem-fahrschule.de\/wp-content\/uploads\/2025\/06\/Still-2025-06-25-180935_1.5.1.webp\" class=\"attachment-2048x2048 size-2048x2048 wp-image-13222\" alt=\"\" srcset=\"https:\/\/xtrem-fahrschule.de\/wp-content\/uploads\/2025\/06\/Still-2025-06-25-180935_1.5.1.webp 1920w, https:\/\/xtrem-fahrschule.de\/wp-content\/uploads\/2025\/06\/Still-2025-06-25-180935_1.5.1-300x169.webp 300w, https:\/\/xtrem-fahrschule.de\/wp-content\/uploads\/2025\/06\/Still-2025-06-25-180935_1.5.1-1024x576.webp 1024w, https:\/\/xtrem-fahrschule.de\/wp-content\/uploads\/2025\/06\/Still-2025-06-25-180935_1.5.1-768x432.webp 768w, https:\/\/xtrem-fahrschule.de\/wp-content\/uploads\/2025\/06\/Still-2025-06-25-180935_1.5.1-1536x864.webp 1536w\" sizes=\"(max-width: 1920px) 100vw, 1920px\">\t\t\t\t\t\t\t\t\t\t\t\t\t\t\t<\/div>\n\t\t\t\t<\/div>\n\t\t\t\t<div class=\"elementor-element elementor-element-d30be94 elementor-widget elementor-widget-image\" data-id=\"d30be94\" data-element_type=\"widget\" data-e-type=\"widget\" data-widget_type=\"image.default\">\n\t\t\t\t<div class=\"elementor-widget-container\">\n\t\t\t\t\t\t\t\t\t\t\t\t\t\t\t<img loading=\"lazy\" decoding=\"async\" width=\"1920\" height=\"1080\" src=\"https:\/\/xtrem-fahrschule.de\/wp-content\/uploads\/2025\/06\/Still-2025-06-25-181912_1.2.1.webp\" class=\"attachment-2048x2048 size-2048x2048 wp-image-13220\" alt=\"\" srcset=\"https:\/\/xtrem-fahrschule.de\/wp-content\/uploads\/2025\/06\/Still-2025-06-25-181912_1.2.1.webp 1920w, https:\/\/xtrem-fahrschule.de\/wp-content\/uploads\/2025\/06\/Still-2025-06-25-181912_1.2.1-300x169.webp 300w, https:\/\/xtrem-fahrschule.de\/wp-content\/uploads\/2025\/06\/Still-2025-06-25-181912_1.2.1-1024x576.webp 1024w, https:\/\/xtrem-fahrschule.de\/wp-content\/uploads\/2025\/06\/Still-2025-06-25-181912_1.2.1-768x432.webp 768w, https:\/\/xtrem-fahrschule.de\/wp-content\/uploads\/2025\/06\/Still-2025-06-25-181912_1.2.1-1536x864.webp 1536w\" sizes=\"(max-width: 1920px) 100vw, 1920px\">\t\t\t\t\t\t\t\t\t\t\t\t\t\t\t<\/div>\n\t\t\t\t<\/div>\n\t\t\t\t<div class=\"elementor-element elementor-element-13c0598 elementor-widget elementor-widget-image\" data-id=\"13c0598\" data-element_type=\"widget\" data-e-type=\"widget\" data-widget_type=\"image.default\">\n\t\t\t\t<div class=\"elementor-widget-container\">\n\t\t\t\t\t\t\t\t\t\t\t\t\t\t\t<img loading=\"lazy\" decoding=\"async\" width=\"1920\" height=\"1080\" src=\"https:\/\/xtrem-fahrschule.de\/wp-content\/uploads\/2025\/06\/Still-2025-06-25-181616_1.2.1.webp\" class=\"attachment-2048x2048 size-2048x2048 wp-image-13218\" alt=\"\" srcset=\"https:\/\/xtrem-fahrschule.de\/wp-content\/uploads\/2025\/06\/Still-2025-06-25-181616_1.2.1.webp 1920w, https:\/\/xtrem-fahrschule.de\/wp-content\/uploads\/2025\/06\/Still-2025-06-25-181616_1.2.1-300x169.webp 300w, https:\/\/xtrem-fahrschule.de\/wp-content\/uploads\/2025\/06\/Still-2025-06-25-181616_1.2.1-1024x576.png 1024w, https:\/\/xtrem-fahrschule.de\/wp-content\/uploads\/2025\/06\/Still-2025-06-25-181616_1.2.1-768x432.png 768w, https:\/\/xtrem-fahrschule.de\/wp-content\/uploads\/2025\/06\/Still-2025-06-25-181616_1.2.1-1536x864.png 1536w\" sizes=\"(max-width: 1920px) 100vw, 1920px\">\t\t\t\t\t\t\t\t\t\t\t\t\t\t\t<\/div>\n\t\t\t\t<\/div>\n\t\t\t\t<div class=\"elementor-element elementor-element-fd14926 elementor-widget elementor-widget-text-editor\" data-id=\"fd14926\" data-element_type=\"widget\" data-e-type=\"widget\" data-widget_type=\"text-editor.default\">\n\t\t\t\t<div class=\"elementor-widget-container\">\n\t\t\t\t\t\t\t\t\t<p style=\"margin-bottom: 0px;\"><span style=\"font-weight: bolder;\">Kawasaki EN 650 Vulcan S<\/span><\/p><ul style=\"background-color: #fcfcfc; font-size: 14px;\"><li style=\"font-size: 14px;\">Deplasman: 650 ccm<\/li><li style=\"font-size: 14px;\">G\u00fc\u00e7: 48 hp<\/li><li style=\"font-size: 14px;\">\u0130\u00e7in kullan\u0131l\u0131r: S\u0131n\u0131f A2<\/li><\/ul>\t\t\t\t\t\t\t\t<\/div>\n\t\t\t\t<\/div>\n\t\t\t\t<div class=\"elementor-element elementor-element-5b738eb elementor-widget elementor-widget-text-editor\" data-id=\"5b738eb\" data-element_type=\"widget\" data-e-type=\"widget\" data-widget_type=\"text-editor.default\">\n\t\t\t\t<div class=\"elementor-widget-container\">\n\t\t\t\t\t\t\t\t\t<p style=\"margin-bottom: 0px;\"><span style=\"font-weight: bolder;\">Ducati Monster 937+<\/span><\/p><ul style=\"background-color: #fcfcfc; font-size: 14px;\"><li style=\"font-size: 14px;\">Deplasman: 937 ccm<\/li><li style=\"font-size: 14px;\">G\u00fc\u00e7: 111 hp<\/li><li style=\"font-size: 14px;\">\u0130\u00e7in kullan\u0131l\u0131r: S\u0131n\u0131f A<\/li><\/ul>\t\t\t\t\t\t\t\t<\/div>\n\t\t\t\t<\/div>\n\t\t\t\t<div class=\"elementor-element elementor-element-e56a92d elementor-widget elementor-widget-text-editor\" data-id=\"e56a92d\" data-element_type=\"widget\" data-e-type=\"widget\" data-widget_type=\"text-editor.default\">\n\t\t\t\t<div class=\"elementor-widget-container\">\n\t\t\t\t\t\t\t\t\t<p style=\"margin-bottom: 0px;\"><span style=\"font-weight: bolder;\">Honda CB 1000 R<\/span><\/p><ul style=\"background-color: #fcfcfc; font-size: 14px;\"><li style=\"font-size: 14px;\">Deplasman: 1000 ccm<\/li><li style=\"font-size: 14px;\">G\u00fc\u00e7: 125 hp<\/li><li style=\"font-size: 14px;\">\u0130\u00e7in kullan\u0131l\u0131r: S\u0131n\u0131f A<\/li><\/ul><p> <\/p>\t\t\t\t\t\t\t\t<\/div>\n\t\t\t\t<\/div>\n\t\t\t\t<div class=\"elementor-element elementor-element-9e2ca61 elementor-widget elementor-widget-image\" data-id=\"9e2ca61\" data-element_type=\"widget\" data-e-type=\"widget\" data-widget_type=\"image.default\">\n\t\t\t\t<div class=\"elementor-widget-container\">\n\t\t\t\t\t\t\t\t\t\t\t\t\t\t\t<img loading=\"lazy\" decoding=\"async\" width=\"72\" height=\"49\" src=\"https:\/\/xtrem-fahrschule.de\/wp-content\/uploads\/2025\/05\/xtrem-logo.svg\" class=\"attachment-2048x2048 size-2048x2048 wp-image-12890\" alt=\"Logo der Xtrem Fahrschule - Unser Name ist Programm\" \/>\t\t\t\t\t\t\t\t\t\t\t\t\t\t\t<\/div>\n\t\t\t\t<\/div>\n\t\t\t\t<div class=\"elementor-element elementor-element-e27f763 elementor-widget elementor-widget-text-editor\" data-id=\"e27f763\" data-element_type=\"widget\" data-e-type=\"widget\" data-widget_type=\"text-editor.default\">\n\t\t\t\t<div class=\"elementor-widget-container\">\n\t\t\t\t\t\t\t\t\t<p><strong>Yamaha YBR 125<\/strong><\/p><ul><li>Deplasman: 125 ccm<\/li><li>G\u00fc\u00e7: 15 hp<\/li><li>\u0130\u00e7in kullan\u0131l\u0131r: A1 S\u0131n\u0131f\u0131 (B196)<\/li><li><strong>Manuel \u015fanz\u0131man<\/strong><\/li><\/ul>\t\t\t\t\t\t\t\t<\/div>\n\t\t\t\t<\/div>\n\t\t\t\t<div class=\"elementor-element elementor-element-cdf03b6 elementor-widget elementor-widget-image\" data-id=\"cdf03b6\" data-element_type=\"widget\" data-e-type=\"widget\" data-widget_type=\"image.default\">\n\t\t\t\t<div class=\"elementor-widget-container\">\n\t\t\t\t\t\t\t\t\t\t\t\t\t\t\t<img loading=\"lazy\" decoding=\"async\" width=\"72\" height=\"49\" src=\"https:\/\/xtrem-fahrschule.de\/wp-content\/uploads\/2025\/05\/xtrem-logo.svg\" class=\"attachment-2048x2048 size-2048x2048 wp-image-12890\" alt=\"Logo der Xtrem Fahrschule - Unser Name ist Programm\" \/>\t\t\t\t\t\t\t\t\t\t\t\t\t\t\t<\/div>\n\t\t\t\t<\/div>\n\t\t\t\t<div class=\"elementor-element elementor-element-b70fcf2 elementor-widget elementor-widget-text-editor\" data-id=\"b70fcf2\" data-element_type=\"widget\" data-e-type=\"widget\" data-widget_type=\"text-editor.default\">\n\t\t\t\t<div class=\"elementor-widget-container\">\n\t\t\t\t\t\t\t\t\t<p><strong>Yamaha XVS 650 A<\/strong><\/p><ul><li>Deplasman: 650 ccm<\/li><li>G\u00fc\u00e7: 39 hp<\/li><li>\u0130\u00e7in kullan\u0131l\u0131r: S\u0131n\u0131f A2<\/li><\/ul>\t\t\t\t\t\t\t\t<\/div>\n\t\t\t\t<\/div>\n\t\t\t\t<div class=\"elementor-element elementor-element-a3347d4 elementor-widget elementor-widget-text-editor\" data-id=\"a3347d4\" data-element_type=\"widget\" data-e-type=\"widget\" data-widget_type=\"text-editor.default\">\n\t\t\t\t<div class=\"elementor-widget-container\">\n\t\t\t\t\t\t\t\t\t<p><strong>Piaggio Beverly 125<\/strong><\/p><ul><li>Deplasman: 125 ccm<\/li><li>G\u00fc\u00e7: 15 hp<\/li><li>\u0130\u00e7in kullan\u0131l\u0131r: A1 S\u0131n\u0131f\u0131 (B196)<\/li><li><strong>Otomatik \u015fanz\u0131man<\/strong><\/li><\/ul>\t\t\t\t\t\t\t\t<\/div>\n\t\t\t\t<\/div>\n\t\t\t\t<\/div>\n\t\t\t\t\t<\/div>\n\t\t\t\t<\/div>\n\t\t<div class=\"elementor-element elementor-element-3ccf679 e-flex e-con-boxed e-con e-parent\" data-id=\"3ccf679\" data-element_type=\"container\" data-e-type=\"container\" data-settings=\"{&quot;background_background&quot;:&quot;classic&quot;}\">\n\t\t\t\t\t<div class=\"e-con-inner\">\n\t\t<div class=\"elementor-element elementor-element-d2c2df4 e-con-full e-grid e-con e-child\" data-id=\"d2c2df4\" data-element_type=\"container\" data-e-type=\"container\">\n\t\t\t\t<div class=\"elementor-element elementor-element-cc414ae elementor-widget elementor-widget-heading\" data-id=\"cc414ae\" data-element_type=\"widget\" data-e-type=\"widget\" data-widget_type=\"heading.default\">\n\t\t\t\t<div class=\"elementor-widget-container\">\n\t\t\t\t\t<h2 class=\"elementor-heading-title elementor-size-default\">Kamyonlar ve otob\u00fcsler<\/h2>\t\t\t\t<\/div>\n\t\t\t\t<\/div>\n\t\t\t\t<div class=\"elementor-element elementor-element-8bf8f27 elementor-widget__width-inherit elementor-widget elementor-widget-image\" data-id=\"8bf8f27\" data-element_type=\"widget\" data-e-type=\"widget\" data-widget_type=\"image.default\">\n\t\t\t\t<div class=\"elementor-widget-container\">\n\t\t\t\t\t\t\t\t\t\t\t\t\t\t\t<img loading=\"lazy\" decoding=\"async\" width=\"1920\" height=\"1080\" src=\"https:\/\/xtrem-fahrschule.de\/wp-content\/uploads\/2025\/07\/lkw-von-links-zensiertes-nummernschild.webp\" class=\"attachment-2048x2048 size-2048x2048 wp-image-13240\" alt=\"\" srcset=\"https:\/\/xtrem-fahrschule.de\/wp-content\/uploads\/2025\/07\/lkw-von-links-zensiertes-nummernschild.webp 1920w, https:\/\/xtrem-fahrschule.de\/wp-content\/uploads\/2025\/07\/lkw-von-links-zensiertes-nummernschild-300x169.webp 300w, https:\/\/xtrem-fahrschule.de\/wp-content\/uploads\/2025\/07\/lkw-von-links-zensiertes-nummernschild-1024x576.webp 1024w, https:\/\/xtrem-fahrschule.de\/wp-content\/uploads\/2025\/07\/lkw-von-links-zensiertes-nummernschild-768x432.jpg 768w, https:\/\/xtrem-fahrschule.de\/wp-content\/uploads\/2025\/07\/lkw-von-links-zensiertes-nummernschild-1536x864.jpg 1536w\" sizes=\"(max-width: 1920px) 100vw, 1920px\">\t\t\t\t\t\t\t\t\t\t\t\t\t\t\t<\/div>\n\t\t\t\t<\/div>\n\t\t\t\t<div class=\"elementor-element elementor-element-61428e1 elementor-widget__width-initial elementor-widget-mobile__width-inherit elementor-widget-tablet__width-inherit elementor-widget elementor-widget-image\" data-id=\"61428e1\" data-element_type=\"widget\" data-e-type=\"widget\" data-widget_type=\"image.default\">\n\t\t\t\t<div class=\"elementor-widget-container\">\n\t\t\t\t\t\t\t\t\t\t\t\t\t\t\t<img loading=\"lazy\" decoding=\"async\" width=\"1920\" height=\"1080\" src=\"https:\/\/xtrem-fahrschule.de\/wp-content\/uploads\/2025\/05\/bus-zensiertes-nummernschild.jpg\" class=\"attachment-2048x2048 size-2048x2048 wp-image-13232\" alt=\"\" srcset=\"https:\/\/xtrem-fahrschule.de\/wp-content\/uploads\/2025\/05\/bus-zensiertes-nummernschild.jpg 1920w, https:\/\/xtrem-fahrschule.de\/wp-content\/uploads\/2025\/05\/bus-zensiertes-nummernschild-300x169.jpg 300w, https:\/\/xtrem-fahrschule.de\/wp-content\/uploads\/2025\/05\/bus-zensiertes-nummernschild-1024x576.jpg 1024w, https:\/\/xtrem-fahrschule.de\/wp-content\/uploads\/2025\/05\/bus-zensiertes-nummernschild-768x432.jpg 768w, https:\/\/xtrem-fahrschule.de\/wp-content\/uploads\/2025\/05\/bus-zensiertes-nummernschild-1536x864.jpg 1536w\" sizes=\"(max-width: 1920px) 100vw, 1920px\">\t\t\t\t\t\t\t\t\t\t\t\t\t\t\t<\/div>\n\t\t\t\t<\/div>\n\t\t<div class=\"elementor-element elementor-element-e7236ac e-con-full e-flex e-con e-child\" data-id=\"e7236ac\" data-element_type=\"container\" data-e-type=\"container\">\n\t\t\t\t<div class=\"elementor-element elementor-element-6f2b2b2 elementor-widget__width-initial elementor-widget-mobile__width-inherit elementor-widget-tablet__width-inherit elementor-widget elementor-widget-text-editor\" data-id=\"6f2b2b2\" data-element_type=\"widget\" data-e-type=\"widget\" data-widget_type=\"text-editor.default\">\n\t\t\t\t<div class=\"elementor-widget-container\">\n\t\t\t\t\t\t\t\t\t<p><strong>MAN TGA 18.350<\/strong><\/p><ul><li>Orta dingilli treyler ve skip\/k\u00f6pr\u00fc konteynerli iki dingilli treyler<\/li><li>\u00d6zel yetenek: <strong>8 vitesli manuel \u015fanz\u0131man<\/strong>. Bu, B197 y\u00f6netmeli\u011findeki k\u0131s\u0131tlaman\u0131n kald\u0131r\u0131lmas\u0131 s\u00f6z konusu oldu\u011funda \u00f6zellikle ilgin\u00e7tir! <\/li><\/ul>\t\t\t\t\t\t\t\t<\/div>\n\t\t\t\t<\/div>\n\t\t\t\t<\/div>\n\t\t\t\t<div class=\"elementor-element elementor-element-76ff0d3 elementor-widget elementor-widget-text-editor\" data-id=\"76ff0d3\" data-element_type=\"widget\" data-e-type=\"widget\" data-widget_type=\"text-editor.default\">\n\t\t\t\t<div class=\"elementor-widget-container\">\n\t\t\t\t\t\t\t\t\t<p><strong>MAN Lion&#8217;s City<\/strong><\/p><ul><li>6 vitesli otomatik \u015fanz\u0131man<\/li><li>2 aksl\u0131 \u015fehir i\u00e7i otob\u00fcs<\/li><\/ul>\t\t\t\t\t\t\t\t<\/div>\n\t\t\t\t<\/div>\n\t\t\t\t<\/div>\n\t\t\t\t\t<\/div>\n\t\t\t\t<\/div>\n\t\t<div class=\"elementor-element elementor-element-fda17eb e-flex e-con-boxed e-con e-parent\" data-id=\"fda17eb\" data-element_type=\"container\" data-e-type=\"container\">\n\t\t\t\t\t<div class=\"e-con-inner\">\n\t\t\t\t\t<\/div>\n\t\t\t\t<\/div>\n\t\t\t\t<\/div>\n\t\t","protected":false},"excerpt":{"rendered":"<p>Ayr\u0131nt\u0131l\u0131 olarak ara\u00e7lar Elbette ehliyet \u00f6nemlidir, ancak ara\u00e7lar da iyi g\u00f6r\u00fcnmelidir. Arabalar Audi A3 GY Ku\u015fa\u011f\u0131 Deplasman: 2.0 litre G\u00fc\u00e7: 116 hp 6 vitesli manuel \u015fanz\u0131man Audi A3 GY Ku\u015fa\u011f\u0131 Deplasman: 2.0 litre G\u00fc\u00e7: 150 hp Otomatik \u015fanz\u0131man Audi A3 GY Ku\u015fa\u011f\u0131 Deplasman: 2.0 litre G\u00fc\u00e7: 150 hp Otomatik \u015fanz\u0131man VW Golf VII Yedek ara\u00e7 [&hellip;]<\/p>\n","protected":false},"author":5,"featured_media":0,"parent":0,"menu_order":0,"comment_status":"closed","ping_status":"closed","template":"","meta":{"footnotes":""},"class_list":["post-14423","page","type-page","status-publish","hentry"],"_links":{"self":[{"href":"https:\/\/xtrem-fahrschule.de\/tr\/wp-json\/wp\/v2\/pages\/14423","targetHints":{"allow":["GET"]}}],"collection":[{"href":"https:\/\/xtrem-fahrschule.de\/tr\/wp-json\/wp\/v2\/pages"}],"about":[{"href":"https:\/\/xtrem-fahrschule.de\/tr\/wp-json\/wp\/v2\/types\/page"}],"author":[{"embeddable":true,"href":"https:\/\/xtrem-fahrschule.de\/tr\/wp-json\/wp\/v2\/users\/5"}],"replies":[{"embeddable":true,"href":"https:\/\/xtrem-fahrschule.de\/tr\/wp-json\/wp\/v2\/comments?post=14423"}],"version-history":[{"count":5,"href":"https:\/\/xtrem-fahrschule.de\/tr\/wp-json\/wp\/v2\/pages\/14423\/revisions"}],"predecessor-version":[{"id":15356,"href":"https:\/\/xtrem-fahrschule.de\/tr\/wp-json\/wp\/v2\/pages\/14423\/revisions\/15356"}],"wp:attachment":[{"href":"https:\/\/xtrem-fahrschule.de\/tr\/wp-json\/wp\/v2\/media?parent=14423"}],"curies":[{"name":"wp","href":"https:\/\/api.w.org\/{rel}","templated":true}]}}