{"id":14387,"date":"2025-06-26T10:27:32","date_gmt":"2025-06-26T10:27:32","guid":{"rendered":"https:\/\/xtrem-fahrschule.de\/cea-sertifikasi\/"},"modified":"2026-01-01T21:13:56","modified_gmt":"2026-01-01T21:13:56","slug":"cea-sertifikasi","status":"publish","type":"page","link":"https:\/\/xtrem-fahrschule.de\/tr\/cea-sertifikasi\/","title":{"rendered":"CEA sertifikas\u0131"},"content":{"rendered":"\t\t<div data-elementor-type=\"wp-page\" data-elementor-id=\"14387\" class=\"elementor elementor-14387 elementor-11315\" data-elementor-post-type=\"page\">\n\t\t\t\t<div class=\"elementor-element elementor-element-2f25a26 e-flex e-con-boxed e-con e-parent\" data-id=\"2f25a26\" data-element_type=\"container\" data-e-type=\"container\" data-settings=\"{&quot;background_background&quot;:&quot;classic&quot;}\">\n\t\t\t\t\t<div class=\"e-con-inner\">\n\t\t<div class=\"elementor-element elementor-element-34c110d e-flex e-con-boxed e-con e-child\" data-id=\"34c110d\" data-element_type=\"container\" data-e-type=\"container\">\n\t\t\t\t\t<div class=\"e-con-inner\">\n\t\t\t\t<div class=\"elementor-element elementor-element-9328d71 elementor-widget elementor-widget-heading\" data-id=\"9328d71\" data-element_type=\"widget\" data-e-type=\"widget\" data-widget_type=\"heading.default\">\n\t\t\t\t<div class=\"elementor-widget-container\">\n\t\t\t\t\t<h1 class=\"elementor-heading-title elementor-size-default\">CEA sertifikas\u0131<\/h1>\t\t\t\t<\/div>\n\t\t\t\t<\/div>\n\t\t\t\t<div class=\"elementor-element elementor-element-b4a0f44 elementor-widget elementor-widget-heading\" data-id=\"b4a0f44\" data-element_type=\"widget\" data-e-type=\"widget\" data-widget_type=\"heading.default\">\n\t\t\t\t<div class=\"elementor-widget-container\">\n\t\t\t\t\t<h2 class=\"elementor-heading-title elementor-size-default\"><span style=\"color: var(--e-global-color-e88763b)\">XTrem s\u00fcr\u00fcc\u00fc kursunun<\/span> misyon beyan\u0131<\/h2>\t\t\t\t<\/div>\n\t\t\t\t<\/div>\n\t\t\t\t<div class=\"elementor-element elementor-element-3f2c0c2 elementor-widget elementor-widget-heading\" data-id=\"3f2c0c2\" data-element_type=\"widget\" data-e-type=\"widget\" data-widget_type=\"heading.default\">\n\t\t\t\t<div class=\"elementor-widget-container\">\n\t\t\t\t\t<h3 class=\"elementor-heading-title elementor-size-default\">\u00d6z-imaj<\/h3>\t\t\t\t<\/div>\n\t\t\t\t<\/div>\n\t\t\t\t<div class=\"elementor-element elementor-element-f79d361 elementor-widget__width-inherit elementor-widget elementor-widget-text-editor\" data-id=\"f79d361\" data-element_type=\"widget\" data-e-type=\"widget\" data-widget_type=\"text-editor.default\">\n\t\t\t\t<div class=\"elementor-widget-container\">\n\t\t\t\t\t\t\t\t\t<div>XTrem s\u00fcr\u00fcc\u00fc kursu kendisini e\u011fitim ve ileri e\u011fitim alan\u0131nda bir hizmet sa\u011flay\u0131c\u0131 olarak g\u00f6rmektedir.<\/div><div> <\/div><div>XTrem s\u00fcr\u00fcc\u00fc kursu, CEA Certification GmbH taraf\u0131ndan akredite <strong>edilmi\u015f AZAV onayl\u0131<\/strong> bir <strong>e\u011fitim sa\u011flay\u0131c\u0131s\u0131d\u0131r<\/strong>. Mesleki yeterliliklerin amac\u0131, i\u015fg\u00fcc\u00fc piyasas\u0131n\u0131n ve bireysel kat\u0131l\u0131mc\u0131lar\u0131n ihtiya\u00e7lar\u0131na g\u00f6re uyarlanm\u0131\u015f \u00f6nlemler sunmak ve ba\u015far\u0131l\u0131 bir kat\u0131l\u0131mdan sonra kat\u0131l\u0131mc\u0131lar\u0131 i\u015fg\u00fcc\u00fc piyasas\u0131na entegre etmektir. <\/div>\t\t\t\t\t\t\t\t<\/div>\n\t\t\t\t<\/div>\n\t\t\t\t<div class=\"elementor-element elementor-element-634a87c elementor-widget elementor-widget-heading\" data-id=\"634a87c\" data-element_type=\"widget\" data-e-type=\"widget\" data-widget_type=\"heading.default\">\n\t\t\t\t<div class=\"elementor-widget-container\">\n\t\t\t\t\t<h1 class=\"elementor-heading-title elementor-size-default\">Ba\u015far\u0131 anlay\u0131\u015f\u0131<\/h1>\t\t\t\t<\/div>\n\t\t\t\t<\/div>\n\t\t\t\t<div class=\"elementor-element elementor-element-cb434fa elementor-widget__width-inherit elementor-widget elementor-widget-text-editor\" data-id=\"cb434fa\" data-element_type=\"widget\" data-e-type=\"widget\" data-widget_type=\"text-editor.default\">\n\t\t\t\t<div class=\"elementor-widget-container\">\n\t\t\t\t\t\t\t\t\t<div>Bir program, kat\u0131l\u0131mc\u0131n\u0131n program hedeflerini ve yeterliliklerini ba\u015far\u0131yla ge\u00e7mesi ve b\u00f6ylece <strong>profesyonel bir gelecek i\u00e7in temelini kal\u0131c\u0131 olarak geli\u015ftirebilmesi<\/strong> durumunda ba\u015far\u0131l\u0131 kabul edilir.<\/div>\n<div> <\/div>\n<div>Y\u00fcksek d\u00fczeyde <strong>\u00e7al\u0131\u015fan kalifikasyonu<\/strong> yoluyla rekabet g\u00fc\u00e7lerini kal\u0131c\u0131 olarak art\u0131rmak i\u00e7in kat\u0131l\u0131mc\u0131lar\u0131m\u0131z\u0131 \u015firketler i\u00e7in kalifiye hale getiriyoruz.<\/div>\n<div> <\/div>\n<div>Tedbirlerimize kat\u0131lanlar\u0131 i\u015fg\u00fcc\u00fc piyasas\u0131na profesyonel entegrasyonlar\u0131nda destekliyoruz.<\/div>\n<div> <\/div>\n<div><b>\u0130\u015fe yerle\u015ftirme<\/b> hizmetlerimiz kapsam\u0131nda uygun ba\u015fvuru sahipleri ile uygun \u015firketleri bir araya getiriyoruz.<\/div>\n<div> <\/div>\n<div>Bu s\u00fcre\u00e7te<\/div>\n<ul>\n<li>Sorgulayanlara kar\u015f\u0131 do\u011fruluk, a\u00e7\u0131kl\u0131k ve gizlilik ilkelerine ba\u011fl\u0131y\u0131z.<\/li>\n<li>\u00e7ali\u015fma ortamimiz saygi, meslekta\u015flik, adi\u0307lli\u0307k ve i\u0307\u015fbi\u0307rli\u0307\u011fi\u0307 yapma i\u0307ste\u011fi\u0307 i\u0307le karakteri\u0307ze edi\u0307lmektedi\u0307r.<\/li>\n<li>davran\u0131\u015flar\u0131m\u0131z ve \u00e7al\u0131\u015fma y\u00f6ntemlerimizle mesle\u011fimizin itibar\u0131n\u0131 korur ve geli\u015ftiririz<\/li>\n<\/ul>\n<p>Ortaklar\u0131m\u0131zla birlikte \u00e7al\u0131\u015farak hizmetlerimizi s\u00fcrekli olarak optimize ediyor ve b\u00f6ylece bizden talep edilen gereksinimleri her zaman kar\u015f\u0131layabiliyoruz. M\u00fc\u015fteri i\u00e7in <strong>net bir katma de\u011fer<\/strong> fark edilebilir olmal\u0131d\u0131r. <\/p>\n<p>Hizmetlerimiz m\u00fc\u015fterilerimizin verimlili\u011fini ve rekabet g\u00fcc\u00fcn\u00fc art\u0131rmaktad\u0131r. Her ba\u015fvuru sahibine \u00f6zel dan\u0131\u015fmanl\u0131k hizmeti verilir. Kalite y\u00f6netimimiz esasen <strong>s\u00fcrekli iyile\u015ftirmeye<\/strong> dayanmaktad\u0131r.  <\/p>\n<p>Bu, do\u011frudan m\u00fc\u015fteriye sa\u011flanan hizmet i\u00e7in oldu\u011fu kadar arka plandaki destekleyici faaliyetler i\u00e7in de ge\u00e7erlidir. Net g\u00f6revlerle desteklenen kalite bilinciyle d\u00fc\u015f\u00fcnme ve hareket etme, <strong>s\u00fcrekli iyile\u015ftirme<\/strong> i\u00e7in bir \u00f6n ko\u015fuldur. <\/p>\t\t\t\t\t\t\t\t<\/div>\n\t\t\t\t<\/div>\n\t\t\t\t<div class=\"elementor-element elementor-element-48a25d9 elementor-widget elementor-widget-heading\" data-id=\"48a25d9\" data-element_type=\"widget\" data-e-type=\"widget\" data-widget_type=\"heading.default\">\n\t\t\t\t<div class=\"elementor-widget-container\">\n\t\t\t\t\t<h1 class=\"elementor-heading-title elementor-size-default\">Kurumsal k\u00fclt\u00fcr\u00fcm\u00fcz<\/h1>\t\t\t\t<\/div>\n\t\t\t\t<\/div>\n\t\t\t\t<div class=\"elementor-element elementor-element-9c537f7 elementor-widget__width-inherit elementor-widget elementor-widget-text-editor\" data-id=\"9c537f7\" data-element_type=\"widget\" data-e-type=\"widget\" data-widget_type=\"text-editor.default\">\n\t\t\t\t<div class=\"elementor-widget-container\">\n\t\t\t\t\t\t\t\t\t<div>M\u00fc\u015fterilerimiz, d\u0131\u015f hizmet sa\u011flay\u0131c\u0131lar\u0131m\u0131z ve y\u00f6netim uzmanlar\u0131m\u0131zla <strong>g\u00fcven temelinde<\/strong> birlikte \u00e7al\u0131\u015f\u0131yoruz ve onlar\u0131n deste\u011fiyle \u015firketimizdeki iyile\u015ftirme s\u00fcrecini <strong>s\u00fcrekli olarak geli\u015ftirebiliyoruz<\/strong>.<\/div><div> <\/div><div>Hedeflerimiz, memnun m\u00fc\u015fteriler ve \u00e7al\u0131\u015fanlar, toplumsal takdir ve topluma olumlu bir \u015fekilde hizmet etme temelinde kendi ba\u015far\u0131m\u0131zd\u0131r.<\/div><div> <\/div><div>E\u011fitmenlerimiz ve e\u011fitmenlerimiz, dahili ve harici e\u011fitim ve geli\u015fim programlar\u0131 arac\u0131l\u0131\u011f\u0131yla becerilerini s\u00fcrekli olarak y\u00fckseltmektedir.<\/div><div> <\/div><div>D\u0131\u015f ortaklar ve m\u00fc\u015fterilerle i\u015fbirli\u011fimiz, <strong>s\u00fcrekli olarak geli\u015ftirdi\u011fimiz ve yo\u011funla\u015ft\u0131rd\u0131\u011f\u0131m\u0131z<\/strong> i\u015fimizin \u00f6nemli bir par\u00e7as\u0131d\u0131r.<\/div><ul><li>B\u00f6lgemizdeki Federal \u0130\u015f Bulma Kurumu ve di\u011fer kom\u015fu kasaba ve belediyelerle<\/li><li>B\u00f6lgemizdeki istihdam b\u00fcrolar\u0131 ve i\u015f merkezleri ile<\/li><li>Nakliye firmalar\u0131, nakliye \u015firketleri ve otob\u00fcs firmalar\u0131 ile<\/li><li>E\u011fitimli \u00e7al\u0131\u015fanlar\u0131 i\u015fg\u00fcc\u00fc piyasas\u0131na entegre eden \u015firketler<\/li><\/ul>\t\t\t\t\t\t\t\t<\/div>\n\t\t\t\t<\/div>\n\t\t\t\t<div class=\"elementor-element elementor-element-9aa1c20 elementor-widget elementor-widget-heading\" data-id=\"9aa1c20\" data-element_type=\"widget\" data-e-type=\"widget\" data-widget_type=\"heading.default\">\n\t\t\t\t<div class=\"elementor-widget-container\">\n\t\t\t\t\t<h1 class=\"elementor-heading-title elementor-size-default\">M\u00fc\u015fterilerimiz<\/h1>\t\t\t\t<\/div>\n\t\t\t\t<\/div>\n\t\t\t\t<div class=\"elementor-element elementor-element-6cfe814 elementor-widget__width-inherit elementor-widget elementor-widget-text-editor\" data-id=\"6cfe814\" data-element_type=\"widget\" data-e-type=\"widget\" data-widget_type=\"text-editor.default\">\n\t\t\t\t<div class=\"elementor-widget-container\">\n\t\t\t\t\t\t\t\t\t<div>Sanayi, ticaret, ki\u015fisel ve sosyal hizmetler sekt\u00f6rlerinin yan\u0131 s\u0131ra di\u011fer faaliyetler i\u00e7in bu programla iyi bir mesleki yeterlilik elde etmek veya mevcut durumlar\u0131n\u0131 iyile\u015ftirmek isteyen kad\u0131n ve erkeklerdir.<\/div><div> <\/div><div><strong>M\u00fc\u015fteri gruplar\u0131m\u0131z:<\/strong><\/div><ul><li>Ki\u015fisel nedenlerle s\u00fcr\u00fc\u015f e\u011fitmeni ehliyeti ve\/veya s\u00fcr\u00fcc\u00fc belgesi almak isteyen ki\u015filer<\/li><li>\u0130\u015fsiz veya i\u015fsizlik riski alt\u0131nda olan ki\u015filer (i\u015fg\u00fcc\u00fc piyasas\u0131na yeniden entegrasyon)<\/li><li>E\u011fitim ile i\u015f sahibi olan ki\u015filer<\/li><li>\u0130leri mesleki e\u011fitim yoluyla i\u015fg\u00fcc\u00fc piyasas\u0131nda niteliklerini geli\u015ftiren ki\u015filer (ayr\u0131ca \u00e7al\u0131\u015fanlar i\u00e7in ileri e\u011fitim finansman\u0131 veya Yeterlilik F\u0131rsatlar\u0131 Yasas\u0131 arac\u0131l\u0131\u011f\u0131yla finansman)<\/li><\/ul><p><br>Amac\u0131m\u0131z, iyi e\u011fitimimiz ve i\u015fe yerle\u015ftirme konusundaki yard\u0131mlar\u0131m\u0131z sayesinde m\u00fc\u015fterilerimizin <strong>kal\u0131c\u0131<\/strong> istihdam <strong>elde etmelerine<\/strong> yard\u0131mc\u0131 olmakt\u0131r.<\/p>\t\t\t\t\t\t\t\t<\/div>\n\t\t\t\t<\/div>\n\t\t\t\t<div class=\"elementor-element elementor-element-15bcd4d elementor-widget__width-inherit elementor-widget elementor-widget-text-editor\" data-id=\"15bcd4d\" data-element_type=\"widget\" data-e-type=\"widget\" data-widget_type=\"text-editor.default\">\n\t\t\t\t<div class=\"elementor-widget-container\">\n\t\t\t\t\t\t\t\t\t<p>Kalite g\u00fcvence sistemimiz etkin bir \u015fekilde uygulanmakta ve s\u00fcrekli geli\u015ftirilmektedir.<\/p>\t\t\t\t\t\t\t\t<\/div>\n\t\t\t\t<\/div>\n\t\t\t\t<div class=\"elementor-element elementor-element-9584d72 elementor-widget__width-initial elementor-widget elementor-widget-image\" data-id=\"9584d72\" data-element_type=\"widget\" data-e-type=\"widget\" data-widget_type=\"image.default\">\n\t\t\t\t<div class=\"elementor-widget-container\">\n\t\t\t\t\t\t\t\t\t\t\t\t\t\t\t\t<a href=\"https:\/\/www.certeuropagroup.com\/\" target=\"_blank\" rel=\"noopener\">\n\t\t\t\t\t\t\t<img fetchpriority=\"high\" decoding=\"async\" width=\"768\" height=\"558\" src=\"https:\/\/xtrem-fahrschule.de\/wp-content\/uploads\/2025\/06\/cea-logo.webp\" class=\"attachment-2048x2048 size-2048x2048 wp-image-13224\" alt=\"\" srcset=\"https:\/\/xtrem-fahrschule.de\/wp-content\/uploads\/2025\/06\/cea-logo.webp 768w, https:\/\/xtrem-fahrschule.de\/wp-content\/uploads\/2025\/06\/cea-logo-300x218.webp 300w\" sizes=\"(max-width: 768px) 100vw, 768px\">\t\t\t\t\t\t\t\t<\/a>\n\t\t\t\t\t\t\t\t\t\t\t\t\t\t\t<\/div>\n\t\t\t\t<\/div>\n\t\t\t\t\t<\/div>\n\t\t\t\t<\/div>\n\t\t\t\t\t<\/div>\n\t\t\t\t<\/div>\n\t\t\t\t<\/div>\n\t\t","protected":false},"excerpt":{"rendered":"<p>CEA sertifikas\u0131 XTrem s\u00fcr\u00fcc\u00fc kursunun misyon beyan\u0131 \u00d6z-imaj XTrem s\u00fcr\u00fcc\u00fc kursu kendisini e\u011fitim ve ileri e\u011fitim alan\u0131nda bir hizmet sa\u011flay\u0131c\u0131 olarak g\u00f6rmektedir. XTrem s\u00fcr\u00fcc\u00fc kursu, CEA Certification GmbH taraf\u0131ndan akredite edilmi\u015f AZAV onayl\u0131 bir e\u011fitim sa\u011flay\u0131c\u0131s\u0131d\u0131r. Mesleki yeterliliklerin amac\u0131, i\u015fg\u00fcc\u00fc piyasas\u0131n\u0131n ve bireysel kat\u0131l\u0131mc\u0131lar\u0131n ihtiya\u00e7lar\u0131na g\u00f6re uyarlanm\u0131\u015f \u00f6nlemler sunmak ve ba\u015far\u0131l\u0131 bir kat\u0131l\u0131mdan sonra kat\u0131l\u0131mc\u0131lar\u0131 [&hellip;]<\/p>\n","protected":false},"author":5,"featured_media":0,"parent":0,"menu_order":0,"comment_status":"closed","ping_status":"closed","template":"","meta":{"footnotes":""},"class_list":["post-14387","page","type-page","status-publish","hentry"],"_links":{"self":[{"href":"https:\/\/xtrem-fahrschule.de\/tr\/wp-json\/wp\/v2\/pages\/14387","targetHints":{"allow":["GET"]}}],"collection":[{"href":"https:\/\/xtrem-fahrschule.de\/tr\/wp-json\/wp\/v2\/pages"}],"about":[{"href":"https:\/\/xtrem-fahrschule.de\/tr\/wp-json\/wp\/v2\/types\/page"}],"author":[{"embeddable":true,"href":"https:\/\/xtrem-fahrschule.de\/tr\/wp-json\/wp\/v2\/users\/5"}],"replies":[{"embeddable":true,"href":"https:\/\/xtrem-fahrschule.de\/tr\/wp-json\/wp\/v2\/comments?post=14387"}],"version-history":[{"count":6,"href":"https:\/\/xtrem-fahrschule.de\/tr\/wp-json\/wp\/v2\/pages\/14387\/revisions"}],"predecessor-version":[{"id":15708,"href":"https:\/\/xtrem-fahrschule.de\/tr\/wp-json\/wp\/v2\/pages\/14387\/revisions\/15708"}],"wp:attachment":[{"href":"https:\/\/xtrem-fahrschule.de\/tr\/wp-json\/wp\/v2\/media?parent=14387"}],"curies":[{"name":"wp","href":"https:\/\/api.w.org\/{rel}","templated":true}]}}