{"id":13997,"date":"2025-05-05T11:02:41","date_gmt":"2025-05-05T11:02:41","guid":{"rendered":"https:\/\/xtrem-fahrschule.de\/kuenye\/"},"modified":"2025-11-18T12:08:56","modified_gmt":"2025-11-18T12:08:56","slug":"kuenye","status":"publish","type":"page","link":"https:\/\/xtrem-fahrschule.de\/tr\/kuenye\/","title":{"rendered":"K\u00fcnye"},"content":{"rendered":"\t\t<div data-elementor-type=\"wp-page\" data-elementor-id=\"13997\" class=\"elementor elementor-13997 elementor-343\" data-elementor-post-type=\"page\">\n\t\t\t\t<div class=\"elementor-element elementor-element-0e425ef e-flex e-con-boxed e-con e-parent\" data-id=\"0e425ef\" data-element_type=\"container\" data-e-type=\"container\" data-settings=\"{&quot;background_background&quot;:&quot;classic&quot;}\">\n\t\t\t\t\t<div class=\"e-con-inner\">\n\t\t<div class=\"elementor-element elementor-element-af4b227 e-flex e-con-boxed e-con e-child\" data-id=\"af4b227\" data-element_type=\"container\" data-e-type=\"container\">\n\t\t\t\t\t<div class=\"e-con-inner\">\n\t\t\t\t<div class=\"elementor-element elementor-element-f24d86a elementor-widget elementor-widget-heading\" data-id=\"f24d86a\" data-element_type=\"widget\" data-e-type=\"widget\" data-widget_type=\"heading.default\">\n\t\t\t\t<div class=\"elementor-widget-container\">\n\t\t\t\t\t<h1 class=\"elementor-heading-title elementor-size-default\">K\u00fcnye<\/h1>\t\t\t\t<\/div>\n\t\t\t\t<\/div>\n\t\t\t\t<div class=\"elementor-element elementor-element-75e4fd5 elementor-widget__width-inherit elementor-widget elementor-widget-text-editor\" data-id=\"75e4fd5\" data-element_type=\"widget\" data-e-type=\"widget\" data-widget_type=\"text-editor.default\">\n\t\t\t\t<div class=\"elementor-widget-container\">\n\t\t\t\t\t\t\t\t\t<p><strong>TMG \u00a7\u00a7 5, 6 ve MDStV \u00a7 6 uyar\u0131nca sorumlu:<br><\/strong>XTrem Fahrschule D\u00fcsseldorf<\/p><p><strong>Sorumlu m\u00fcd\u00fcr:<br><\/strong>Taner Baltac\u0131<br>XTrem Fahrschule<br>Corneliusstr.96<br>40215 D\u00fcsseldorf (Friedrichstadt)<\/p><p><strong>Telefon:<br><\/strong>0211 31 0211 5<\/p><p><strong>WhatsApp ve Telegram:<\/strong><br>0162 26 45 935<\/p><p><strong>E-posta:<\/strong><br>info@xtrem-fahrschule.de<\/p><p><strong>Sorumlu denetim makam\u0131:<\/strong><br>Stra\u00dfenverkehrsamt D\u00fcsseldorf<br>H\u00f6herweg 101<br>40233 D\u00fcsseldorf<\/p><p><strong>UStG \u00a7 27a uyar\u0131nca sat\u0131\u015f vergisi kimlik numaras\u0131:<br><\/strong>DE 247 350 326<\/p><p><strong>Sorumluluk alan\u0131:<\/strong><br>Yasal uyar\u0131 ve <strong>sorumluluk<\/strong> reddi a\u015fa\u011f\u0131daki web siteleri i\u00e7in ge\u00e7erlidir:<\/p><p>www.xtrem-fahrschule.de<\/p><p>Federal Veri Koruma Yasas\u0131 uyar\u0131nca, burada \u00a7 28 BDSG, verilerimin ticari olarak kullan\u0131lmas\u0131na ve if\u015fa edilmesine a\u00e7\u0131k\u00e7a itiraz ediyorum.<\/p><p><strong>Yasal Uyar\u0131:<br><\/strong>1. \u00c7evrimi\u00e7i teklifin i\u00e7eri\u011fi<\/p><p>Yazar, sa\u011flanan bilgilerin g\u00fcncelli\u011fi, do\u011frulu\u011fu, eksiksizli\u011fi veya kalitesi konusunda hi\u00e7bir sorumluluk kabul etmez. Yazara kar\u015f\u0131, sa\u011flanan bilgilerin kullan\u0131lmas\u0131 veya kullan\u0131lmamas\u0131 ya da yanl\u0131\u015f veya eksik bilgilerin kullan\u0131lmas\u0131ndan kaynaklanan maddi veya manevi zararlarla ilgili sorumluluk talepleri, yazar\u0131n kas\u0131tl\u0131 veya a\u011f\u0131r ihmali oldu\u011funa dair kan\u0131t bulunmad\u0131k\u00e7a, temelde hari\u00e7 tutulur. <\/p><p>T\u00fcm teklifler de\u011fi\u015fikli\u011fe tabidir ve ba\u011flay\u0131c\u0131 de\u011fildir. Yazar, \u00f6nceden haber vermeksizin sayfalar\u0131n baz\u0131 k\u0131s\u0131mlar\u0131n\u0131 veya teklifin tamam\u0131n\u0131 de\u011fi\u015ftirme, tamamlama veya silme ya da yay\u0131n\u0131 ge\u00e7ici veya kal\u0131c\u0131 olarak durdurma hakk\u0131n\u0131 a\u00e7\u0131k\u00e7a sakl\u0131 tutar. <\/p><p>2. referanslar ve ba\u011flant\u0131lar<\/p><p>Eser sahibinin sorumluluk alan\u0131 d\u0131\u015f\u0131nda kalan harici web sitelerine (k\u00f6pr\u00fcler) do\u011frudan veya dolayl\u0131 referanslar s\u00f6z konusu oldu\u011funda, bir sorumluluk y\u00fck\u00fcml\u00fcl\u00fc\u011f\u00fc ancak eser sahibinin i\u00e7erikten haberdar olmas\u0131 ve yasa d\u0131\u015f\u0131 i\u00e7erik durumunda kullan\u0131m\u0131 engellemesinin teknik olarak m\u00fcmk\u00fcn ve makul olmas\u0131 halinde y\u00fcr\u00fcrl\u00fc\u011fe girecektir.<\/p><p>Yazar, linklerin olu\u015fturuldu\u011fu tarihte link verilen sayfalarda yasad\u0131\u015f\u0131 i\u00e7erik bulunmad\u0131\u011f\u0131n\u0131 a\u00e7\u0131k\u00e7a beyan eder. Yazar\u0131n, ba\u011flant\u0131 verilen sayfalar\u0131n mevcut ve gelecekteki tasar\u0131m\u0131, i\u00e7eri\u011fi veya yazarl\u0131\u011f\u0131 \u00fczerinde hi\u00e7bir etkisi yoktur. Bu nedenle yazar, ba\u011flant\u0131 olu\u015fturulduktan sonra de\u011fi\u015ftirilen t\u00fcm ba\u011flant\u0131l\u0131 sayfalar\u0131n t\u00fcm i\u00e7eri\u011fiyle aras\u0131na a\u00e7\u0131k\u00e7a mesafe koyar. Bu beyan, yazar\u0131n kendi web sitesinde yer alan t\u00fcm ba\u011flant\u0131lar ve referanslar\u0131n yan\u0131 s\u0131ra ziyaret\u00e7i defterlerindeki \u00fc\u00e7\u00fcnc\u00fc taraf giri\u015fleri, tart\u0131\u015fma forumlar\u0131, ba\u011flant\u0131 dizinleri, posta listeleri ve yazar taraf\u0131ndan kurulan ve i\u00e7eri\u011fine harici yazma eri\u015fimi m\u00fcmk\u00fcn olan di\u011fer t\u00fcm veri tabanlar\u0131 i\u00e7in de ge\u00e7erlidir. Yasad\u0131\u015f\u0131, yanl\u0131\u015f veya eksik i\u00e7erikten ve \u00f6zellikle bu t\u00fcr bilgilerin kullan\u0131m\u0131ndan veya kullan\u0131lmamas\u0131ndan kaynaklanan zararlardan sorumluluk, ilgili yay\u0131na yaln\u0131zca ba\u011flant\u0131lar arac\u0131l\u0131\u011f\u0131yla at\u0131fta bulunan ki\u015fiye de\u011fil, yaln\u0131zca at\u0131fta bulunulan sayfan\u0131n sa\u011flay\u0131c\u0131s\u0131na aittir.    <\/p><p>3. telif hakk\u0131 ve etiketleme kanunu<\/p><p>Yazar, t\u00fcm yay\u0131nlarda kullan\u0131lan grafiklerin, ses belgelerinin, video sekanslar\u0131n\u0131n ve metinlerin telif haklar\u0131n\u0131 g\u00f6zetmeye, kendi yaratt\u0131\u011f\u0131 grafikleri, ses belgelerini, video sekanslar\u0131n\u0131 ve metinleri kullanmaya veya lisanss\u0131z grafiklerden, ses belgelerinden, video sekanslar\u0131ndan ve metinlerden yararlanmaya gayret eder.<\/p><p>Web sitesinde belirtilen ve muhtemelen \u00fc\u00e7\u00fcnc\u00fc \u015fah\u0131slar taraf\u0131ndan korunan t\u00fcm marka adlar\u0131 ve ticari markalar, herhangi bir k\u0131s\u0131tlama olmaks\u0131z\u0131n y\u00fcr\u00fcrl\u00fckteki ticari marka kanunu h\u00fck\u00fcmlerine ve ilgili tescilli sahiplerin m\u00fclkiyet haklar\u0131na tabidir. Bir ticari markadan yaln\u0131zca bahsedilmesi, \u00fc\u00e7\u00fcnc\u00fc taraf haklar\u0131yla korunmad\u0131\u011f\u0131 anlam\u0131na gelmez! <\/p><p>Yazar\u0131n kendisi taraf\u0131ndan olu\u015fturulan yay\u0131nlanm\u0131\u015f nesnelerin telif hakk\u0131 yaln\u0131zca sayfalar\u0131n yazar\u0131na aittir. Yazar\u0131n onay\u0131 olmadan diyagramlar, sesler veya metinler gibi nesnelerin ba\u015fka elektronik veya bas\u0131l\u0131 yay\u0131nlarda \u00e7o\u011falt\u0131lmas\u0131na veya kullan\u0131lmas\u0131na izin verilmez. <\/p><p>4. veri koruma<\/p><p>Ki\u015fisel veya ticari verilerin (e-posta adresleri, isim, adresler) girilmesi i\u00e7in f\u0131rsat verildi\u011finde, bu verilerin girilmesi g\u00f6n\u00fcll\u00fc olarak ger\u00e7ekle\u015fir. Sunulan t\u00fcm hizmetlerin kullan\u0131m\u0131na ve \u00f6demesine - teknik olarak m\u00fcmk\u00fcn ve makul oldu\u011fu \u00f6l\u00e7\u00fcde - bu t\u00fcr veriler sa\u011flanmadan veya anonimle\u015ftirilmi\u015f veriler veya takma ad sa\u011flanarak da izin verilir. K\u00fcnyede yay\u0131nlanan posta adresleri, telefon ve faks numaralar\u0131 ve e-posta adresleri gibi ileti\u015fim verilerinin veya \u00fc\u00e7\u00fcnc\u00fc \u015fah\u0131slar taraf\u0131ndan a\u00e7\u0131k\u00e7a talep edilmeyen bilgilerin g\u00f6nderilmesi amac\u0131yla kar\u015f\u0131la\u015ft\u0131r\u0131labilir bilgilerin kullan\u0131lmas\u0131na izin verilmez. Bu yasa\u011f\u0131n ihlali durumunda, s\u00f6zde spam postalar\u0131 g\u00f6nderenlere kar\u015f\u0131 yasal i\u015flem ba\u015flatma hakk\u0131m\u0131z\u0131 a\u00e7\u0131k\u00e7a sakl\u0131 tutar\u0131z.   <\/p><p>5 Bu feragatnamenin yasal ge\u00e7erlili\u011fi<\/p><p>Bu feragatname, y\u00f6nlendirildi\u011finiz internet yay\u0131n\u0131n\u0131n bir par\u00e7as\u0131 olarak kabul edilmelidir. Bu beyan\u0131n b\u00f6l\u00fcmleri veya m\u00fcnferit \u015fartlar\u0131 yasal veya do\u011fru de\u011filse, di\u011fer b\u00f6l\u00fcmlerin i\u00e7eri\u011fi veya ge\u00e7erlili\u011fi bu durumdan etkilenmez. <\/p><p><strong>Yasal Uyar\u0131:<br><\/strong>1. \u0130\u00e7erik<\/p><p>Yazar, sa\u011flanan bilgilerin g\u00fcncelli\u011fi, do\u011frulu\u011fu, eksiksizli\u011fi veya kalitesinden sorumlu olmama hakk\u0131n\u0131 sakl\u0131 tutar. Bu nedenle, eksik veya yanl\u0131\u015f olan her t\u00fcrl\u00fc bilgi de dahil olmak \u00fczere, sa\u011flanan herhangi bir bilginin kullan\u0131m\u0131ndan kaynaklanan zararlara ili\u015fkin sorumluluk talepleri reddedilecektir. <\/p><p>T\u00fcm teklifler ba\u011flay\u0131c\u0131 de\u011fildir ve y\u00fck\u00fcml\u00fcl\u00fck ta\u015f\u0131maz. Sayfalar\u0131n baz\u0131 b\u00f6l\u00fcmleri veya t\u00fcm teklifler ve bilgiler dahil olmak \u00fczere yay\u0131n\u0131n tamam\u0131, ayr\u0131 bir duyuru yap\u0131lmaks\u0131z\u0131n yazar taraf\u0131ndan geni\u015fletilebilir, de\u011fi\u015ftirilebilir veya k\u0131smen veya tamamen silinebilir. <\/p><p>2. y\u00f6nlendirmeler ve ba\u011flant\u0131lar<\/p><p>Yazar, yasad\u0131\u015f\u0131 i\u00e7erikler hakk\u0131nda tam bilgiye sahip olmad\u0131\u011f\u0131 ve sitesini ziyaret edenlerin bu sayfalar\u0131 g\u00f6rmesini engelleyemedi\u011fi s\u00fcrece, sayfalar\u0131ndan ba\u011flant\u0131 verilen veya at\u0131fta bulunulan hi\u00e7bir i\u00e7erikten sorumlu de\u011fildir. Burada sunulan bilgilerin kullan\u0131lmas\u0131yla herhangi bir zarar meydana gelirse, bu sayfalara ba\u011flant\u0131 veren ki\u015fi de\u011fil, yaln\u0131zca ilgili sayfalar\u0131n yazar\u0131 sorumlu olabilir. Ayr\u0131ca yazar, kendi sayfas\u0131nda bulunan tart\u0131\u015fma panolar\u0131, ziyaret\u00e7i defterleri veya e-posta listelerindeki kullan\u0131c\u0131lar taraf\u0131ndan yay\u0131nlanan herhangi bir g\u00f6nderi veya mesajdan sorumlu de\u011fildir.  <\/p><p>3. Telif hakk\u0131<\/p><p>Yazar, yay\u0131n i\u00e7in telif hakk\u0131na sahip herhangi bir materyali kullanmamay\u0131 veya m\u00fcmk\u00fcn de\u011filse ilgili nesnenin telif hakk\u0131n\u0131 belirtmeyi ama\u00e7lam\u0131\u015ft\u0131r.<\/p><p>Yazar taraf\u0131ndan olu\u015fturulan her t\u00fcrl\u00fc materyalin telif hakk\u0131 sakl\u0131d\u0131r. Yazar\u0131n onay\u0131 olmadan diyagramlar, sesler veya metinler gibi nesnelerin ba\u015fka elektronik veya bas\u0131l\u0131 yay\u0131nlarda \u00e7o\u011falt\u0131lmas\u0131na veya kullan\u0131lmas\u0131na izin verilmez. <\/p><p>4. Gizlilik Politikas\u0131<\/p><p>Ki\u015fisel veya ticari verilerin (e-posta adresleri, isim, adresler) girilmesi i\u00e7in f\u0131rsat verildi\u011finde, bu verilerin girilmesi g\u00f6n\u00fcll\u00fc olarak ger\u00e7ekle\u015fir. Sunulan t\u00fcm hizmetlerin kullan\u0131m\u0131na ve \u00f6demesine - teknik olarak m\u00fcmk\u00fcn ve makul oldu\u011fu s\u00fcrece - herhangi bir ki\u015fisel veri belirtilmeden veya anonimle\u015ftirilmi\u015f veriler veya bir takma ad belirtilerek izin verilir. Yay\u0131nlanan posta adreslerinin, telefon veya faks numaralar\u0131n\u0131n ve e-posta adreslerinin pazarlama amac\u0131yla kullan\u0131lmas\u0131 yasakt\u0131r, istenmeyen spam mesajlar\u0131 g\u00f6nderen su\u00e7lular cezaland\u0131r\u0131lacakt\u0131r.  <\/p><p>5 Bu feragatnamenin yasal ge\u00e7erlili\u011fi<\/p><p>Bu feragatname, y\u00f6nlendirildi\u011finiz internet yay\u0131n\u0131n\u0131n bir par\u00e7as\u0131 olarak kabul edilmelidir. Bu beyan\u0131n b\u00f6l\u00fcmleri veya m\u00fcnferit \u015fartlar\u0131 yasal veya do\u011fru de\u011filse, di\u011fer b\u00f6l\u00fcmlerin i\u00e7eri\u011fi veya ge\u00e7erlili\u011fi bu durumdan etkilenmez. <\/p>\t\t\t\t\t\t\t\t<\/div>\n\t\t\t\t<\/div>\n\t\t\t\t\t<\/div>\n\t\t\t\t<\/div>\n\t\t\t\t\t<\/div>\n\t\t\t\t<\/div>\n\t\t\t\t<\/div>\n\t\t","protected":false},"excerpt":{"rendered":"<p>K\u00fcnye TMG \u00a7\u00a7 5, 6 ve MDStV \u00a7 6 uyar\u0131nca sorumlu:XTrem Fahrschule D\u00fcsseldorf Sorumlu m\u00fcd\u00fcr:Taner Baltac\u0131XTrem FahrschuleCorneliusstr.9640215 D\u00fcsseldorf (Friedrichstadt) Telefon:0211 31 0211 5 WhatsApp ve Telegram:0162 26 45 935 E-posta:info@xtrem-fahrschule.de Sorumlu denetim makam\u0131:Stra\u00dfenverkehrsamt D\u00fcsseldorfH\u00f6herweg 10140233 D\u00fcsseldorf UStG \u00a7 27a uyar\u0131nca sat\u0131\u015f vergisi kimlik numaras\u0131:DE 247 350 326 Sorumluluk alan\u0131:Yasal uyar\u0131 ve sorumluluk reddi a\u015fa\u011f\u0131daki web [&hellip;]<\/p>\n","protected":false},"author":5,"featured_media":0,"parent":0,"menu_order":0,"comment_status":"closed","ping_status":"closed","template":"","meta":{"footnotes":""},"class_list":["post-13997","page","type-page","status-publish","hentry"],"_links":{"self":[{"href":"https:\/\/xtrem-fahrschule.de\/tr\/wp-json\/wp\/v2\/pages\/13997","targetHints":{"allow":["GET"]}}],"collection":[{"href":"https:\/\/xtrem-fahrschule.de\/tr\/wp-json\/wp\/v2\/pages"}],"about":[{"href":"https:\/\/xtrem-fahrschule.de\/tr\/wp-json\/wp\/v2\/types\/page"}],"author":[{"embeddable":true,"href":"https:\/\/xtrem-fahrschule.de\/tr\/wp-json\/wp\/v2\/users\/5"}],"replies":[{"embeddable":true,"href":"https:\/\/xtrem-fahrschule.de\/tr\/wp-json\/wp\/v2\/comments?post=13997"}],"version-history":[{"count":1,"href":"https:\/\/xtrem-fahrschule.de\/tr\/wp-json\/wp\/v2\/pages\/13997\/revisions"}],"predecessor-version":[{"id":15635,"href":"https:\/\/xtrem-fahrschule.de\/tr\/wp-json\/wp\/v2\/pages\/13997\/revisions\/15635"}],"wp:attachment":[{"href":"https:\/\/xtrem-fahrschule.de\/tr\/wp-json\/wp\/v2\/media?parent=13997"}],"curies":[{"name":"wp","href":"https:\/\/api.w.org\/{rel}","templated":true}]}}