{"id":13987,"date":"2025-05-27T15:25:21","date_gmt":"2025-05-27T15:25:21","guid":{"rendered":"https:\/\/xtrem-fahrschule.de\/asf-fes\/"},"modified":"2025-11-18T14:29:03","modified_gmt":"2025-11-18T14:29:03","slug":"asf-fes","status":"publish","type":"page","link":"https:\/\/xtrem-fahrschule.de\/tr\/asf-fes\/","title":{"rendered":"ASF &amp; FES"},"content":{"rendered":"\t\t<div data-elementor-type=\"wp-page\" data-elementor-id=\"13987\" class=\"elementor elementor-13987 elementor-6681\" data-elementor-post-type=\"page\">\n\t\t\t\t<div class=\"elementor-element elementor-element-dedb587 e-con-full e-flex e-con e-parent\" data-id=\"dedb587\" data-element_type=\"container\" data-e-type=\"container\" data-settings=\"{&quot;background_background&quot;:&quot;classic&quot;}\">\n\t\t<div class=\"elementor-element elementor-element-c06b646 e-flex e-con-boxed e-con e-child\" data-id=\"c06b646\" data-element_type=\"container\" data-e-type=\"container\" data-settings=\"{&quot;background_background&quot;:&quot;classic&quot;}\">\n\t\t\t\t\t<div class=\"e-con-inner\">\n\t\t\t\t<div class=\"elementor-element elementor-element-5e56fa8 elementor-widget__width-inherit elementor-widget elementor-widget-heading\" data-id=\"5e56fa8\" data-element_type=\"widget\" data-e-type=\"widget\" data-widget_type=\"heading.default\">\n\t\t\t\t<div class=\"elementor-widget-container\">\n\t\t\t\t\t<h1 class=\"elementor-heading-title elementor-size-default\">ASF &amp; FES - Sorumluluk al\u0131n ve g\u00fcvenli s\u00fcr\u00fc\u015fe devam edin<\/h1>\t\t\t\t<\/div>\n\t\t\t\t<\/div>\n\t\t\t\t<div class=\"elementor-element elementor-element-2f4f776 elementor-widget__width-inherit elementor-widget elementor-widget-text-editor\" data-id=\"2f4f776\" data-element_type=\"widget\" data-e-type=\"widget\" data-widget_type=\"text-editor.default\">\n\t\t\t\t<div class=\"elementor-widget-container\">\n\t\t\t\t\t\t\t\t\t<p>Bizimle, g\u00fcvenli ve stressiz bir \u015fekilde tekrar yola \u00e7\u0131kman\u0131z i\u00e7in do\u011fru deste\u011fi bulacaks\u0131n\u0131z.<\/p>\t\t\t\t\t\t\t\t<\/div>\n\t\t\t\t<\/div>\n\t\t\t\t<div class=\"elementor-element elementor-element-8ee445b elementor-widget__width-inherit elementor-widget elementor-widget-button\" data-id=\"8ee445b\" data-element_type=\"widget\" data-e-type=\"widget\" data-widget_type=\"button.default\">\n\t\t\t\t<div class=\"elementor-widget-container\">\n\t\t\t\t\t\t\t\t\t<div class=\"elementor-button-wrapper\">\n\t\t\t\t\t<a class=\"elementor-button elementor-button-link elementor-size-sm\" href=\"https:\/\/xtrem-fahrschule.de\/tr\/bize-ulasin\/\">\n\t\t\t\t\t\t<span class=\"elementor-button-content-wrapper\">\n\t\t\t\t\t\t<span class=\"elementor-button-icon\">\n\t\t\t\t<svg aria-hidden=\"true\" class=\"e-font-icon-svg e-fas-chevron-right\" viewBox=\"0 0 320 512\" xmlns=\"http:\/\/www.w3.org\/2000\/svg\"><path d=\"M285.476 272.971L91.132 467.314c-9.373 9.373-24.569 9.373-33.941 0l-22.667-22.667c-9.357-9.357-9.375-24.522-.04-33.901L188.505 256 34.484 101.255c-9.335-9.379-9.317-24.544.04-33.901l22.667-22.667c9.373-9.373 24.569-9.373 33.941 0L285.475 239.03c9.373 9.372 9.373 24.568.001 33.941z\"><\/path><\/svg>\t\t\t<\/span>\n\t\t\t\t\t\t\t\t\t<span class=\"elementor-button-text\">\u015eimdi bize ula\u015f\u0131n<\/span>\n\t\t\t\t\t<\/span>\n\t\t\t\t\t<\/a>\n\t\t\t\t<\/div>\n\t\t\t\t\t\t\t\t<\/div>\n\t\t\t\t<\/div>\n\t\t\t\t\t<\/div>\n\t\t\t\t<\/div>\n\t\t\t\t<\/div>\n\t\t<div class=\"elementor-element elementor-element-4ff87cf e-grid e-con-boxed e-con e-parent\" data-id=\"4ff87cf\" data-element_type=\"container\" data-e-type=\"container\" data-settings=\"{&quot;background_background&quot;:&quot;classic&quot;}\">\n\t\t\t\t\t<div class=\"e-con-inner\">\n\t\t\t\t<div class=\"elementor-element elementor-element-cd3aca7 elementor-widget elementor-widget-heading\" data-id=\"cd3aca7\" data-element_type=\"widget\" data-e-type=\"widget\" data-widget_type=\"heading.default\">\n\t\t\t\t<div class=\"elementor-widget-container\">\n\t\t\t\t\t<h2 class=\"elementor-heading-title elementor-size-default\"><span style=\"color: var(--e-global-color-e88763b)\">ASF<\/span> - Acemi s\u00fcr\u00fcc\u00fcler i\u00e7in ileri e\u011fitim semineri<\/h2>\t\t\t\t<\/div>\n\t\t\t\t<\/div>\n\t\t<div class=\"elementor-element elementor-element-8f77da3 e-con-full e-flex e-con e-child\" data-id=\"8f77da3\" data-element_type=\"container\" data-e-type=\"container\">\n\t\t\t\t<div class=\"elementor-element elementor-element-f73fb17 elementor-widget elementor-widget-text-editor\" data-id=\"f73fb17\" data-element_type=\"widget\" data-e-type=\"widget\" data-widget_type=\"text-editor.default\">\n\t\t\t\t<div class=\"elementor-widget-container\">\n\t\t\t\t\t\t\t\t\t<p><strong>Neyin \u00f6nemli oldu\u011funu anlamak<\/strong><br>ASF semineri (acemi s\u00fcr\u00fcc\u00fcler i\u00e7in ileri e\u011fitim semineri) karayolu trafi\u011findeki k\u00f6t\u00fc davran\u0131\u015flar\u0131 tan\u0131mak ve bunlardan ders \u00e7\u0131karmakla ilgilidir.<\/p><p data-start=\"801\" data-end=\"965\">Deneme s\u00fcrenizde misiniz ve bir ASF seminerini tamamlaman\u0131z m\u0131 gerekiyor? Sorun de\u011fil - takip e\u011fitimi boyunca size rehberlik edece\u011fiz: <\/p><ul><li data-start=\"967\" data-end=\"1102\">Pratik ve anla\u015f\u0131l\u0131r<\/li><li data-start=\"967\" data-end=\"1102\">Bask\u0131 olmadan, ancak net bir yap\u0131 ile<\/li><li data-start=\"967\" data-end=\"1102\">Hedef: daha g\u00fcvenli davran\u0131\u015f, karayolu trafi\u011finde daha az stres<\/li><\/ul>\t\t\t\t\t\t\t\t<\/div>\n\t\t\t\t<\/div>\n\t\t\t\t<div class=\"elementor-element elementor-element-d0af295 elementor-widget elementor-widget-button\" data-id=\"d0af295\" data-element_type=\"widget\" data-e-type=\"widget\" data-widget_type=\"button.default\">\n\t\t\t\t<div class=\"elementor-widget-container\">\n\t\t\t\t\t\t\t\t\t<div class=\"elementor-button-wrapper\">\n\t\t\t\t\t<a class=\"elementor-button elementor-button-link elementor-size-sm\" href=\"https:\/\/xtrem-fahrschule.de\/tr\/fiyat-listesi\/\">\n\t\t\t\t\t\t<span class=\"elementor-button-content-wrapper\">\n\t\t\t\t\t\t<span class=\"elementor-button-icon\">\n\t\t\t\t<svg aria-hidden=\"true\" class=\"e-font-icon-svg e-fas-chevron-right\" viewBox=\"0 0 320 512\" xmlns=\"http:\/\/www.w3.org\/2000\/svg\"><path d=\"M285.476 272.971L91.132 467.314c-9.373 9.373-24.569 9.373-33.941 0l-22.667-22.667c-9.357-9.357-9.375-24.522-.04-33.901L188.505 256 34.484 101.255c-9.335-9.379-9.317-24.544.04-33.901l22.667-22.667c9.373-9.373 24.569-9.373 33.941 0L285.475 239.03c9.373 9.372 9.373 24.568.001 33.941z\"><\/path><\/svg>\t\t\t<\/span>\n\t\t\t\t\t\t\t\t\t<span class=\"elementor-button-text\">\u015eimdi kay\u0131t olun<\/span>\n\t\t\t\t\t<\/span>\n\t\t\t\t\t<\/a>\n\t\t\t\t<\/div>\n\t\t\t\t\t\t\t\t<\/div>\n\t\t\t\t<\/div>\n\t\t\t\t<div class=\"elementor-element elementor-element-da9fd50 elementor-widget elementor-widget-button\" data-id=\"da9fd50\" data-element_type=\"widget\" data-e-type=\"widget\" data-widget_type=\"button.default\">\n\t\t\t\t<div class=\"elementor-widget-container\">\n\t\t\t\t\t\t\t\t\t<div class=\"elementor-button-wrapper\">\n\t\t\t\t\t<a class=\"elementor-button elementor-button-link elementor-size-sm\" href=\"https:\/\/xtrem-fahrschule.de\/tr\/fiyat-listesi\/?slide=mpu-seminare\">\n\t\t\t\t\t\t<span class=\"elementor-button-content-wrapper\">\n\t\t\t\t\t\t<span class=\"elementor-button-icon\">\n\t\t\t\t<svg aria-hidden=\"true\" class=\"e-font-icon-svg e-fas-chevron-right\" viewBox=\"0 0 320 512\" xmlns=\"http:\/\/www.w3.org\/2000\/svg\"><path d=\"M285.476 272.971L91.132 467.314c-9.373 9.373-24.569 9.373-33.941 0l-22.667-22.667c-9.357-9.357-9.375-24.522-.04-33.901L188.505 256 34.484 101.255c-9.335-9.379-9.317-24.544.04-33.901l22.667-22.667c9.373-9.373 24.569-9.373 33.941 0L285.475 239.03c9.373 9.372 9.373 24.568.001 33.941z\"><\/path><\/svg>\t\t\t<\/span>\n\t\t\t\t\t\t\t\t\t<span class=\"elementor-button-text\">Fiyatlar\u0131m\u0131za genel bak\u0131\u015f<\/span>\n\t\t\t\t\t<\/span>\n\t\t\t\t\t<\/a>\n\t\t\t\t<\/div>\n\t\t\t\t\t\t\t\t<\/div>\n\t\t\t\t<\/div>\n\t\t\t\t<\/div>\n\t\t\t\t<div class=\"elementor-element elementor-element-0b73863 elementor-widget elementor-widget-image\" data-id=\"0b73863\" data-element_type=\"widget\" data-e-type=\"widget\" data-widget_type=\"image.default\">\n\t\t\t\t<div class=\"elementor-widget-container\">\n\t\t\t\t\t\t\t\t\t\t\t\t\t\t\t<img fetchpriority=\"high\" decoding=\"async\" width=\"1920\" height=\"1080\" src=\"https:\/\/xtrem-fahrschule.de\/wp-content\/uploads\/2025\/06\/vorrechnen.webp\" class=\"attachment-2048x2048 size-2048x2048 wp-image-13200\" alt=\"\" srcset=\"https:\/\/xtrem-fahrschule.de\/wp-content\/uploads\/2025\/06\/vorrechnen.webp 1920w, https:\/\/xtrem-fahrschule.de\/wp-content\/uploads\/2025\/06\/vorrechnen-300x169.webp 300w, https:\/\/xtrem-fahrschule.de\/wp-content\/uploads\/2025\/06\/vorrechnen-1024x576.webp 1024w, https:\/\/xtrem-fahrschule.de\/wp-content\/uploads\/2025\/06\/vorrechnen-768x432.webp 768w, https:\/\/xtrem-fahrschule.de\/wp-content\/uploads\/2025\/06\/vorrechnen-1536x864.webp 1536w\" sizes=\"(max-width: 1920px) 100vw, 1920px\">\t\t\t\t\t\t\t\t\t\t\t\t\t\t\t<\/div>\n\t\t\t\t<\/div>\n\t\t\t\t\t<\/div>\n\t\t\t\t<\/div>\n\t\t<div class=\"elementor-element elementor-element-fbfe3b9 e-grid e-con-boxed e-con e-parent\" data-id=\"fbfe3b9\" data-element_type=\"container\" data-e-type=\"container\" data-settings=\"{&quot;background_background&quot;:&quot;classic&quot;}\">\n\t\t\t\t\t<div class=\"e-con-inner\">\n\t\t\t\t<div class=\"elementor-element elementor-element-2dbd2a2 elementor-widget elementor-widget-heading\" data-id=\"2dbd2a2\" data-element_type=\"widget\" data-e-type=\"widget\" data-widget_type=\"heading.default\">\n\t\t\t\t<div class=\"elementor-widget-container\">\n\t\t\t\t\t<h2 class=\"elementor-heading-title elementor-size-default\"><span style=\"color: var(--e-global-color-e88763b)\">FES<\/span> - Puan d\u00fc\u015f\u00fcrmek i\u00e7in s\u00fcr\u00fc\u015fe uygunluk semineri<\/h2>\t\t\t\t<\/div>\n\t\t\t\t<\/div>\n\t\t\t\t<div class=\"elementor-element elementor-element-3b95d60 elementor-widget elementor-widget-image\" data-id=\"3b95d60\" data-element_type=\"widget\" data-e-type=\"widget\" data-widget_type=\"image.default\">\n\t\t\t\t<div class=\"elementor-widget-container\">\n\t\t\t\t\t\t\t\t\t\t\t\t\t\t\t<img decoding=\"async\" width=\"1920\" height=\"1080\" src=\"https:\/\/xtrem-fahrschule.de\/wp-content\/uploads\/2025\/06\/detailaufnahme-an-der-tafel-schreiben.webp\" class=\"attachment-2048x2048 size-2048x2048 wp-image-13198\" alt=\"\" srcset=\"https:\/\/xtrem-fahrschule.de\/wp-content\/uploads\/2025\/06\/detailaufnahme-an-der-tafel-schreiben.webp 1920w, https:\/\/xtrem-fahrschule.de\/wp-content\/uploads\/2025\/06\/detailaufnahme-an-der-tafel-schreiben-300x169.webp 300w, https:\/\/xtrem-fahrschule.de\/wp-content\/uploads\/2025\/06\/detailaufnahme-an-der-tafel-schreiben-1024x576.webp 1024w, https:\/\/xtrem-fahrschule.de\/wp-content\/uploads\/2025\/06\/detailaufnahme-an-der-tafel-schreiben-768x432.png 768w, https:\/\/xtrem-fahrschule.de\/wp-content\/uploads\/2025\/06\/detailaufnahme-an-der-tafel-schreiben-1536x864.png 1536w\" sizes=\"(max-width: 1920px) 100vw, 1920px\">\t\t\t\t\t\t\t\t\t\t\t\t\t\t\t<\/div>\n\t\t\t\t<\/div>\n\t\t<div class=\"elementor-element elementor-element-f7f7da4 e-con-full e-flex e-con e-child\" data-id=\"f7f7da4\" data-element_type=\"container\" data-e-type=\"container\">\n\t\t\t\t<div class=\"elementor-element elementor-element-de39e20 elementor-widget elementor-widget-text-editor\" data-id=\"de39e20\" data-element_type=\"widget\" data-e-type=\"widget\" data-widget_type=\"text-editor.default\">\n\t\t\t\t<div class=\"elementor-widget-container\">\n\t\t\t\t\t\t\t\t\t<p data-start=\"1338\" data-end=\"1490\"><strong>Daha az puan, daha fazla g\u00fcvenlik<\/strong><br>Bir puan d\u00fc\u015f\u00fcrmek ve yolda tekrar daha rahat olmak ister misiniz? FES semineri sizin i\u00e7in bir f\u0131rsat: <\/p><ul><li data-start=\"1492\" data-end=\"1645\">1 puan azalt\u0131n - her 5 y\u0131lda bir m\u00fcmk\u00fcn<\/li><li data-start=\"1492\" data-end=\"1645\">Trafikte daha fazla g\u00fcvenlik ve so\u011fukkanl\u0131l\u0131k i\u00e7in ipu\u00e7lar\u0131<\/li><li data-start=\"1492\" data-end=\"1645\">K\u00fc\u00e7\u00fck gruplar halinde veya bireysel \u00f6nlem olarak<\/li><\/ul>\t\t\t\t\t\t\t\t<\/div>\n\t\t\t\t<\/div>\n\t\t\t\t<div class=\"elementor-element elementor-element-f3f729b elementor-widget elementor-widget-button\" data-id=\"f3f729b\" data-element_type=\"widget\" data-e-type=\"widget\" data-widget_type=\"button.default\">\n\t\t\t\t<div class=\"elementor-widget-container\">\n\t\t\t\t\t\t\t\t\t<div class=\"elementor-button-wrapper\">\n\t\t\t\t\t<a class=\"elementor-button elementor-button-link elementor-size-sm\" href=\"https:\/\/xtrem-fahrschule.de\/tr\/fiyat-listesi\/\">\n\t\t\t\t\t\t<span class=\"elementor-button-content-wrapper\">\n\t\t\t\t\t\t<span class=\"elementor-button-icon\">\n\t\t\t\t<svg aria-hidden=\"true\" class=\"e-font-icon-svg e-fas-chevron-right\" viewBox=\"0 0 320 512\" xmlns=\"http:\/\/www.w3.org\/2000\/svg\"><path d=\"M285.476 272.971L91.132 467.314c-9.373 9.373-24.569 9.373-33.941 0l-22.667-22.667c-9.357-9.357-9.375-24.522-.04-33.901L188.505 256 34.484 101.255c-9.335-9.379-9.317-24.544.04-33.901l22.667-22.667c9.373-9.373 24.569-9.373 33.941 0L285.475 239.03c9.373 9.372 9.373 24.568.001 33.941z\"><\/path><\/svg>\t\t\t<\/span>\n\t\t\t\t\t\t\t\t\t<span class=\"elementor-button-text\">\u015eimdi kay\u0131t olun<\/span>\n\t\t\t\t\t<\/span>\n\t\t\t\t\t<\/a>\n\t\t\t\t<\/div>\n\t\t\t\t\t\t\t\t<\/div>\n\t\t\t\t<\/div>\n\t\t\t\t<div class=\"elementor-element elementor-element-c8269bc elementor-widget elementor-widget-button\" data-id=\"c8269bc\" data-element_type=\"widget\" data-e-type=\"widget\" data-widget_type=\"button.default\">\n\t\t\t\t<div class=\"elementor-widget-container\">\n\t\t\t\t\t\t\t\t\t<div class=\"elementor-button-wrapper\">\n\t\t\t\t\t<a class=\"elementor-button elementor-button-link elementor-size-sm\" href=\"https:\/\/xtrem-fahrschule.de\/tr\/fiyat-listesi\/?slide=mpu-seminare\">\n\t\t\t\t\t\t<span class=\"elementor-button-content-wrapper\">\n\t\t\t\t\t\t<span class=\"elementor-button-icon\">\n\t\t\t\t<svg aria-hidden=\"true\" class=\"e-font-icon-svg e-fas-chevron-right\" viewBox=\"0 0 320 512\" xmlns=\"http:\/\/www.w3.org\/2000\/svg\"><path d=\"M285.476 272.971L91.132 467.314c-9.373 9.373-24.569 9.373-33.941 0l-22.667-22.667c-9.357-9.357-9.375-24.522-.04-33.901L188.505 256 34.484 101.255c-9.335-9.379-9.317-24.544.04-33.901l22.667-22.667c9.373-9.373 24.569-9.373 33.941 0L285.475 239.03c9.373 9.372 9.373 24.568.001 33.941z\"><\/path><\/svg>\t\t\t<\/span>\n\t\t\t\t\t\t\t\t\t<span class=\"elementor-button-text\">Fiyatlar\u0131m\u0131za genel bak\u0131\u015f<\/span>\n\t\t\t\t\t<\/span>\n\t\t\t\t\t<\/a>\n\t\t\t\t<\/div>\n\t\t\t\t\t\t\t\t<\/div>\n\t\t\t\t<\/div>\n\t\t\t\t<\/div>\n\t\t\t\t\t<\/div>\n\t\t\t\t<\/div>\n\t\t<div class=\"elementor-element elementor-element-3310025 e-flex e-con-boxed e-con e-parent\" data-id=\"3310025\" data-element_type=\"container\" data-e-type=\"container\" data-settings=\"{&quot;background_background&quot;:&quot;classic&quot;}\">\n\t\t\t\t\t<div class=\"e-con-inner\">\n\t\t<div class=\"elementor-element elementor-element-cb1968b e-con-full e-flex e-con e-child\" data-id=\"cb1968b\" data-element_type=\"container\" data-e-type=\"container\" data-settings=\"{&quot;background_background&quot;:&quot;classic&quot;}\">\n\t\t<div class=\"elementor-element elementor-element-249ceab e-con-full e-flex e-con e-child\" data-id=\"249ceab\" data-element_type=\"container\" data-e-type=\"container\">\n\t\t\t\t<div class=\"elementor-element elementor-element-6bdc390 elementor-widget__width-inherit elementor-widget elementor-widget-heading\" data-id=\"6bdc390\" data-element_type=\"widget\" data-e-type=\"widget\" data-widget_type=\"heading.default\">\n\t\t\t\t<div class=\"elementor-widget-container\">\n\t\t\t\t\t<h3 class=\"elementor-heading-title elementor-size-default\">Sizi ciddiye al\u0131yoruz - ve size daha fazla yard\u0131mc\u0131 oluyoruz.<\/h3>\t\t\t\t<\/div>\n\t\t\t\t<\/div>\n\t\t\t\t<div class=\"elementor-element elementor-element-295a34c elementor-widget__width-inherit elementor-widget elementor-widget-text-editor\" data-id=\"295a34c\" data-element_type=\"widget\" data-e-type=\"widget\" data-widget_type=\"text-editor.default\">\n\t\t\t\t<div class=\"elementor-widget-container\">\n\t\t\t\t\t\t\t\t\t<p>\u0130ster ASF ister FES olsun: Bizde \u00f6nyarg\u0131lar de\u011fil, trafi\u011fe g\u00fcvenli bir \u015fekilde kat\u0131l\u0131m i\u00e7in a\u00e7\u0131k bir yol bulacaks\u0131n\u0131z.<\/p>\t\t\t\t\t\t\t\t<\/div>\n\t\t\t\t<\/div>\n\t\t\t\t<div class=\"elementor-element elementor-element-6d43508 elementor-widget elementor-widget-button\" data-id=\"6d43508\" data-element_type=\"widget\" data-e-type=\"widget\" data-widget_type=\"button.default\">\n\t\t\t\t<div class=\"elementor-widget-container\">\n\t\t\t\t\t\t\t\t\t<div class=\"elementor-button-wrapper\">\n\t\t\t\t\t<a class=\"elementor-button elementor-button-link elementor-size-sm\" href=\"https:\/\/xtrem-fahrschule.de\/tr\/kayit\/\">\n\t\t\t\t\t\t<span class=\"elementor-button-content-wrapper\">\n\t\t\t\t\t\t<span class=\"elementor-button-icon\">\n\t\t\t\t<svg aria-hidden=\"true\" class=\"e-font-icon-svg e-fas-chevron-right\" viewBox=\"0 0 320 512\" xmlns=\"http:\/\/www.w3.org\/2000\/svg\"><path d=\"M285.476 272.971L91.132 467.314c-9.373 9.373-24.569 9.373-33.941 0l-22.667-22.667c-9.357-9.357-9.375-24.522-.04-33.901L188.505 256 34.484 101.255c-9.335-9.379-9.317-24.544.04-33.901l22.667-22.667c9.373-9.373 24.569-9.373 33.941 0L285.475 239.03c9.373 9.372 9.373 24.568.001 33.941z\"><\/path><\/svg>\t\t\t<\/span>\n\t\t\t\t\t\t\t\t\t<span class=\"elementor-button-text\">\u015eimdi ileti\u015fime ge\u00e7in<\/span>\n\t\t\t\t\t<\/span>\n\t\t\t\t\t<\/a>\n\t\t\t\t<\/div>\n\t\t\t\t\t\t\t\t<\/div>\n\t\t\t\t<\/div>\n\t\t\t\t<\/div>\n\t\t\t\t<\/div>\n\t\t\t\t\t<\/div>\n\t\t\t\t<\/div>\n\t\t\t\t<\/div>\n\t\t","protected":false},"excerpt":{"rendered":"<p>ASF &amp; FES - Sorumluluk al\u0131n ve g\u00fcvenli s\u00fcr\u00fc\u015fe devam edin Bizimle, g\u00fcvenli ve stressiz bir \u015fekilde tekrar yola \u00e7\u0131kman\u0131z i\u00e7in do\u011fru deste\u011fi bulacaks\u0131n\u0131z. \u015eimdi bize ula\u015f\u0131n ASF - Acemi s\u00fcr\u00fcc\u00fcler i\u00e7in ileri e\u011fitim semineri Neyin \u00f6nemli oldu\u011funu anlamakASF semineri (acemi s\u00fcr\u00fcc\u00fcler i\u00e7in ileri e\u011fitim semineri) karayolu trafi\u011findeki k\u00f6t\u00fc davran\u0131\u015flar\u0131 tan\u0131mak ve bunlardan ders \u00e7\u0131karmakla [&hellip;]<\/p>\n","protected":false},"author":5,"featured_media":0,"parent":0,"menu_order":0,"comment_status":"closed","ping_status":"closed","template":"","meta":{"footnotes":""},"class_list":["post-13987","page","type-page","status-publish","hentry"],"_links":{"self":[{"href":"https:\/\/xtrem-fahrschule.de\/tr\/wp-json\/wp\/v2\/pages\/13987","targetHints":{"allow":["GET"]}}],"collection":[{"href":"https:\/\/xtrem-fahrschule.de\/tr\/wp-json\/wp\/v2\/pages"}],"about":[{"href":"https:\/\/xtrem-fahrschule.de\/tr\/wp-json\/wp\/v2\/types\/page"}],"author":[{"embeddable":true,"href":"https:\/\/xtrem-fahrschule.de\/tr\/wp-json\/wp\/v2\/users\/5"}],"replies":[{"embeddable":true,"href":"https:\/\/xtrem-fahrschule.de\/tr\/wp-json\/wp\/v2\/comments?post=13987"}],"version-history":[{"count":2,"href":"https:\/\/xtrem-fahrschule.de\/tr\/wp-json\/wp\/v2\/pages\/13987\/revisions"}],"predecessor-version":[{"id":15667,"href":"https:\/\/xtrem-fahrschule.de\/tr\/wp-json\/wp\/v2\/pages\/13987\/revisions\/15667"}],"wp:attachment":[{"href":"https:\/\/xtrem-fahrschule.de\/tr\/wp-json\/wp\/v2\/media?parent=13987"}],"curies":[{"name":"wp","href":"https:\/\/api.w.org\/{rel}","templated":true}]}}